{"id":15253,"date":"2015-05-12T12:33:22","date_gmt":"2015-05-12T12:33:22","guid":{"rendered":"http:\/\/demo.qodeinteractive.com\/bridge107\/?page_id=15253"},"modified":"2020-02-26T21:36:45","modified_gmt":"2020-02-26T19:36:45","slug":"home","status":"publish","type":"page","link":"https:\/\/www.mayoralassessors.es\/ca\/","title":{"rendered":"Home"},"content":{"rendered":"<p>[vc_row css_animation=&#8221;&#8221; row_type=&#8221;row&#8221; use_row_as_full_screen_section=&#8221;no&#8221; type=&#8221;full_width&#8221; angled_section=&#8221;no&#8221; text_align=&#8221;left&#8221; background_image_as_pattern=&#8221;without_pattern&#8221; padding_bottom=&#8221;30&#8243;][vc_column el_class=&#8221;home-mason&#8221;]<div class=\"masonry_gallery_holder  \" data-parallax_item_speed=\"0.3\" data-parallax_item_offset=\"0\"><div class=\"grid-sizer\"><\/div><article class=\"masonry_gallery_item square_small standard \"><a itemprop=\"url\" href=\"\/ca\/experiencies-client\/\" target=\"_self\"><div class = \"masonry_gallery_image_holder\"><img width=\"570\" height=\"570\" src=\"https:\/\/www.mayoralassessors.es\/wp-content\/uploads\/2015\/05\/WORKAREA02-570x570.jpg\" class=\"attachment-portfolio-square size-portfolio-square wp-post-image\" alt=\"\" loading=\"lazy\" srcset=\"https:\/\/www.mayoralassessors.es\/wp-content\/uploads\/2015\/05\/WORKAREA02-570x570.jpg 570w, https:\/\/www.mayoralassessors.es\/wp-content\/uploads\/2015\/05\/WORKAREA02-150x150.jpg 150w, https:\/\/www.mayoralassessors.es\/wp-content\/uploads\/2015\/05\/WORKAREA02-500x500.jpg 500w, https:\/\/www.mayoralassessors.es\/wp-content\/uploads\/2015\/05\/WORKAREA02-1000x1000.jpg 1000w\" sizes=\"(max-width: 570px) 100vw, 570px\" \/><\/div><div class=\"masonry_gallery_item_outer\"><div class=\"masonry_gallery_item_inner\"><div class=\"masonry_gallery_item_content\"><h3 itemprop=\"name\">NOU DESPATX<\/h3><\/div><\/div><\/div><\/a><\/article><article class=\"masonry_gallery_item square_small with_icon \"><a itemprop=\"url\" href=\"\/ca\/presentacio\/\" target=\"_self\"><div class = \"masonry_gallery_image_holder\"><img width=\"570\" height=\"570\" src=\"https:\/\/www.mayoralassessors.es\/wp-content\/uploads\/2020\/11\/bg_presentacion_home-570x570.png\" class=\"attachment-portfolio-square size-portfolio-square wp-post-image\" alt=\"\" loading=\"lazy\" srcset=\"https:\/\/www.mayoralassessors.es\/wp-content\/uploads\/2020\/11\/bg_presentacion_home-570x570.png 570w, https:\/\/www.mayoralassessors.es\/wp-content\/uploads\/2020\/11\/bg_presentacion_home-300x300.png 300w, https:\/\/www.mayoralassessors.es\/wp-content\/uploads\/2020\/11\/bg_presentacion_home-1024x1024.png 1024w, https:\/\/www.mayoralassessors.es\/wp-content\/uploads\/2020\/11\/bg_presentacion_home-150x150.png 150w, https:\/\/www.mayoralassessors.es\/wp-content\/uploads\/2020\/11\/bg_presentacion_home-768x768.png 768w, https:\/\/www.mayoralassessors.es\/wp-content\/uploads\/2020\/11\/bg_presentacion_home-500x500.png 500w, https:\/\/www.mayoralassessors.es\/wp-content\/uploads\/2020\/11\/bg_presentacion_home-1000x1000.png 1000w, https:\/\/www.mayoralassessors.es\/wp-content\/uploads\/2020\/11\/bg_presentacion_home-700x700.png 700w, https:\/\/www.mayoralassessors.es\/wp-content\/uploads\/2020\/11\/bg_presentacion_home.png 1181w\" sizes=\"(max-width: 570px) 100vw, 570px\" \/><\/div><div class=\"masonry_gallery_item_outer\"><div class=\"masonry_gallery_item_inner\"><div class=\"masonry_gallery_item_content\"><div class=\"masonry_gallery_item_icon\"><span aria-hidden=\"true\" class=\"qode_icon_font_elegant icon_pin_alt \" ><\/span><\/div><h3 itemprop=\"name\">Presentaci\u00f3<\/h3><p class=\"masonry_gallery_item_text\">El Despatx i l&#039;Equip<\/p><\/div><\/div><\/div><\/a><\/article><article class=\"masonry_gallery_item square_big with_button \"><div class = \"masonry_gallery_image_holder\"><img width=\"480\" height=\"716\" src=\"https:\/\/www.mayoralassessors.es\/wp-content\/uploads\/2013\/10\/p-der-spiegel-cover-art-luv-deluxe-3000.jpg\" class=\"attachment-portfolio_masonry_large size-portfolio_masonry_large wp-post-image\" alt=\"\" loading=\"lazy\" srcset=\"https:\/\/www.mayoralassessors.es\/wp-content\/uploads\/2013\/10\/p-der-spiegel-cover-art-luv-deluxe-3000.jpg 480w, https:\/\/www.mayoralassessors.es\/wp-content\/uploads\/2013\/10\/p-der-spiegel-cover-art-luv-deluxe-3000-201x300.jpg 201w\" sizes=\"(max-width: 480px) 100vw, 480px\" \/><\/div><div class=\"masonry_gallery_item_outer\"><div class=\"masonry_gallery_item_inner\"><div class=\"masonry_gallery_item_content\"><h3 itemprop=\"name\">Actualitat<\/h3><p class=\"masonry_gallery_item_text\">Articles, novetats de car\u00e0cter fiscal, laboral, comptable, not\u00edcies, opinions, legislaci\u00f3, consultes vinculants. Tota la actualitat a la seva disposici\u00f3.<\/p><a itemprop=\"url\" href=\"\/es\/actualidad\/\" class=\"qbutton masonry_gallery_item_button\" target=\"_self\">LLEGIR M\u00c9S<\/a><\/div><\/div><\/div><\/article><article class=\"masonry_gallery_item square_small with_icon \"><a itemprop=\"url\" href=\"http:\/\/contacta@mayoralassessors.es\" target=\"_blank\"><div class=\"masonry_gallery_item_outer\"><div class=\"masonry_gallery_item_inner\"><div class=\"masonry_gallery_item_content\"><div class=\"masonry_gallery_item_icon\"><i class=\"qode_icon_font_awesome fa fa-whatsapp \" ><\/i><\/div><h3 itemprop=\"name\"><\/h3><p class=\"masonry_gallery_item_text\">Envia:   #asesora<\/p><\/div><\/div><\/div><\/a><\/article><article class=\"masonry_gallery_item square_small with_icon \"><a itemprop=\"url\" href=\"https:\/\/www.linkedin.com\/company\/mayoral-assessors\" target=\"_blank\"><div class = \"masonry_gallery_image_holder\"><img width=\"570\" height=\"570\" src=\"https:\/\/www.mayoralassessors.es\/wp-content\/uploads\/2015\/05\/gallery02-570x570.jpg\" class=\"attachment-portfolio-square size-portfolio-square wp-post-image\" alt=\"\" loading=\"lazy\" srcset=\"https:\/\/www.mayoralassessors.es\/wp-content\/uploads\/2015\/05\/gallery02-570x570.jpg 570w, https:\/\/www.mayoralassessors.es\/wp-content\/uploads\/2015\/05\/gallery02-300x300.jpg 300w, https:\/\/www.mayoralassessors.es\/wp-content\/uploads\/2015\/05\/gallery02-1024x1024.jpg 1024w, https:\/\/www.mayoralassessors.es\/wp-content\/uploads\/2015\/05\/gallery02-150x150.jpg 150w, https:\/\/www.mayoralassessors.es\/wp-content\/uploads\/2015\/05\/gallery02-768x768.jpg 768w, https:\/\/www.mayoralassessors.es\/wp-content\/uploads\/2015\/05\/gallery02-500x500.jpg 500w, https:\/\/www.mayoralassessors.es\/wp-content\/uploads\/2015\/05\/gallery02-1000x1000.jpg 1000w, https:\/\/www.mayoralassessors.es\/wp-content\/uploads\/2015\/05\/gallery02-700x700.jpg 700w, https:\/\/www.mayoralassessors.es\/wp-content\/uploads\/2015\/05\/gallery02.jpg 1100w\" sizes=\"(max-width: 570px) 100vw, 570px\" \/><\/div><div class=\"masonry_gallery_item_outer\"><div class=\"masonry_gallery_item_inner\"><div class=\"masonry_gallery_item_content\"><div class=\"masonry_gallery_item_icon\"><i class=\"qode_icon_font_awesome fa fa-linkedin-square \" ><\/i><\/div><h3 itemprop=\"name\">LINKEDIN<\/h3><p class=\"masonry_gallery_item_text\">MAYORAL ASSESSORS<\/p><\/div><\/div><\/div><\/a><\/article><article class=\"masonry_gallery_item rectangle_portrait standard \"><a itemprop=\"url\" href=\"\/area-laboral\/\" target=\"_self\"><div class = \"masonry_gallery_image_holder\"><img width=\"352\" height=\"503\" src=\"https:\/\/www.mayoralassessors.es\/wp-content\/uploads\/2020\/04\/area-comptable-5.png\" class=\"attachment-portfolio_masonry_tall size-portfolio_masonry_tall wp-post-image\" alt=\"\" loading=\"lazy\" srcset=\"https:\/\/www.mayoralassessors.es\/wp-content\/uploads\/2020\/04\/area-comptable-5.png 352w, https:\/\/www.mayoralassessors.es\/wp-content\/uploads\/2020\/04\/area-comptable-5-210x300.png 210w\" sizes=\"(max-width: 352px) 100vw, 352px\" \/><\/div><div class=\"masonry_gallery_item_outer\"><div class=\"masonry_gallery_item_inner\"><div class=\"masonry_gallery_item_content\"><h3 itemprop=\"name\">\u00c0rea Laboral<\/h3><\/div><\/div><\/div><\/a><\/article><article class=\"masonry_gallery_item square_small standard \"><a itemprop=\"url\" href=\"\/area-comptable\/\" target=\"_self\"><div class = \"masonry_gallery_image_holder\"><img width=\"570\" height=\"570\" src=\"https:\/\/www.mayoralassessors.es\/wp-content\/uploads\/2015\/05\/decoratiu1-570x570.jpg\" class=\"attachment-portfolio-square size-portfolio-square wp-post-image\" alt=\"\" loading=\"lazy\" srcset=\"https:\/\/www.mayoralassessors.es\/wp-content\/uploads\/2015\/05\/decoratiu1-570x570.jpg 570w, https:\/\/www.mayoralassessors.es\/wp-content\/uploads\/2015\/05\/decoratiu1-300x300.jpg 300w, https:\/\/www.mayoralassessors.es\/wp-content\/uploads\/2015\/05\/decoratiu1-1024x1024.jpg 1024w, https:\/\/www.mayoralassessors.es\/wp-content\/uploads\/2015\/05\/decoratiu1-150x150.jpg 150w, https:\/\/www.mayoralassessors.es\/wp-content\/uploads\/2015\/05\/decoratiu1-768x768.jpg 768w, https:\/\/www.mayoralassessors.es\/wp-content\/uploads\/2015\/05\/decoratiu1-500x500.jpg 500w, https:\/\/www.mayoralassessors.es\/wp-content\/uploads\/2015\/05\/decoratiu1-1000x1000.jpg 1000w, https:\/\/www.mayoralassessors.es\/wp-content\/uploads\/2015\/05\/decoratiu1-700x700.jpg 700w, https:\/\/www.mayoralassessors.es\/wp-content\/uploads\/2015\/05\/decoratiu1.jpg 1057w\" sizes=\"(max-width: 570px) 100vw, 570px\" \/><\/div><div class=\"masonry_gallery_item_outer\"><div class=\"masonry_gallery_item_inner\"><div class=\"masonry_gallery_item_content\"><h3 itemprop=\"name\">\u00c0rea Comptable<\/h3><\/div><\/div><\/div><\/a><\/article><article class=\"masonry_gallery_item square_small with_icon \"><a itemprop=\"url\" href=\"\/ca\/innuva-mayoral\/\" target=\"_self\"><div class=\"masonry_gallery_item_outer\"><div class=\"masonry_gallery_item_inner\"><div class=\"masonry_gallery_item_content\"><div class=\"masonry_gallery_item_icon\"><span aria-hidden=\"true\" class=\"qode_icon_font_elegant icon_pin_alt \" ><\/span><\/div><h3 itemprop=\"name\">MAYORAL INNUVA<\/h3><p class=\"masonry_gallery_item_text\">Processos col\u00b7laboratius<\/p><\/div><\/div><\/div><\/a><\/article><article class=\"masonry_gallery_item square_small standard \"><a itemprop=\"url\" href=\"\/consultoria\/\" target=\"_self\"><div class = \"masonry_gallery_image_holder\"><img width=\"570\" height=\"570\" src=\"https:\/\/www.mayoralassessors.es\/wp-content\/uploads\/2015\/05\/gallery04-570x570.jpg\" class=\"attachment-portfolio-square size-portfolio-square wp-post-image\" alt=\"\" loading=\"lazy\" srcset=\"https:\/\/www.mayoralassessors.es\/wp-content\/uploads\/2015\/05\/gallery04-570x570.jpg 570w, https:\/\/www.mayoralassessors.es\/wp-content\/uploads\/2015\/05\/gallery04-300x300.jpg 300w, https:\/\/www.mayoralassessors.es\/wp-content\/uploads\/2015\/05\/gallery04-1024x1024.jpg 1024w, https:\/\/www.mayoralassessors.es\/wp-content\/uploads\/2015\/05\/gallery04-150x150.jpg 150w, https:\/\/www.mayoralassessors.es\/wp-content\/uploads\/2015\/05\/gallery04-768x768.jpg 768w, https:\/\/www.mayoralassessors.es\/wp-content\/uploads\/2015\/05\/gallery04-500x500.jpg 500w, https:\/\/www.mayoralassessors.es\/wp-content\/uploads\/2015\/05\/gallery04-1000x1000.jpg 1000w, https:\/\/www.mayoralassessors.es\/wp-content\/uploads\/2015\/05\/gallery04-700x700.jpg 700w, https:\/\/www.mayoralassessors.es\/wp-content\/uploads\/2015\/05\/gallery04.jpg 1100w\" sizes=\"(max-width: 570px) 100vw, 570px\" \/><\/div><div class=\"masonry_gallery_item_outer\"><div class=\"masonry_gallery_item_inner\"><div class=\"masonry_gallery_item_content\"><h3 itemprop=\"name\">Consultoria<\/h3><\/div><\/div><\/div><\/a><\/article><article class=\"masonry_gallery_item rectangle_landscape standard \"><a itemprop=\"url\" href=\"\/area-fiscal\/\" target=\"_self\"><div class = \"masonry_gallery_image_holder\"><img width=\"1000\" height=\"500\" src=\"https:\/\/www.mayoralassessors.es\/wp-content\/uploads\/2015\/05\/gallery05-1000x500.jpg\" class=\"attachment-portfolio_masonry_wide size-portfolio_masonry_wide wp-post-image\" alt=\"\" loading=\"lazy\" \/><\/div><div class=\"masonry_gallery_item_outer\"><div class=\"masonry_gallery_item_inner\"><div class=\"masonry_gallery_item_content\"><h3 itemprop=\"name\">\u00c0rea Fiscal<\/h3><\/div><\/div><\/div><\/a><\/article><article class=\"masonry_gallery_item square_small with_button \"><div class=\"masonry_gallery_item_outer\"><div class=\"masonry_gallery_item_inner\"><div class=\"masonry_gallery_item_content\"><h3 itemprop=\"name\">Sol\u00b7liciti Informaci\u00f3<\/h3><p class=\"masonry_gallery_item_text\">Pressupostos d&#039;Assessoria<\/p><a itemprop=\"url\" href=\"\/contacte\/\" class=\"qbutton masonry_gallery_item_button\" target=\"_self\">Enviar correu<\/a><\/div><\/div><\/div><\/article><\/div>[\/vc_column][\/vc_row]<\/p>\n","protected":false},"excerpt":{"rendered":"<p>[vc_row css_animation=&#8221;&#8221; row_type=&#8221;row&#8221; use_row_as_full_screen_section=&#8221;no&#8221; type=&#8221;full_width&#8221; angled_section=&#8221;no&#8221; text_align=&#8221;left&#8221; background_image_as_pattern=&#8221;without_pattern&#8221; padding_bottom=&#8221;30&#8243;][vc_column el_class=&#8221;home-mason&#8221;][\/vc_column][\/vc_row]<\/p>\n","protected":false},"author":2,"featured_media":0,"parent":0,"menu_order":0,"comment_status":"open","ping_status":"open","template":"","meta":[],"_links":{"self":[{"href":"https:\/\/www.mayoralassessors.es\/ca\/wp-json\/wp\/v2\/pages\/15253\/"}],"collection":[{"href":"https:\/\/www.mayoralassessors.es\/ca\/wp-json\/wp\/v2\/pages\/"}],"about":[{"href":"https:\/\/www.mayoralassessors.es\/ca\/wp-json\/wp\/v2\/types\/page\/"}],"author":[{"embeddable":true,"href":"https:\/\/www.mayoralassessors.es\/ca\/wp-json\/wp\/v2\/users\/2\/"}],"replies":[{"embeddable":true,"href":"https:\/\/www.mayoralassessors.es\/ca\/wp-json\/wp\/v2\/comments\/?post=15253"}],"version-history":[{"count":2,"href":"https:\/\/www.mayoralassessors.es\/ca\/wp-json\/wp\/v2\/pages\/15253\/revisions\/"}],"predecessor-version":[{"id":15498,"href":"https:\/\/www.mayoralassessors.es\/ca\/wp-json\/wp\/v2\/pages\/15253\/revisions\/15498\/"}],"wp:attachment":[{"href":"https:\/\/www.mayoralassessors.es\/ca\/wp-json\/wp\/v2\/media\/?parent=15253"}],"curies":[{"name":"wp","href":"https:\/\/api.w.org\/{rel}","templated":true}]}}