{"id":15455,"date":"2015-05-20T12:24:34","date_gmt":"2015-05-20T10:24:34","guid":{"rendered":"http:\/\/demo.qodeinteractive.com\/bridge107\/?page_id=15286"},"modified":"2023-11-29T17:27:09","modified_gmt":"2023-11-29T15:27:09","slug":"presentacio","status":"publish","type":"page","link":"https:\/\/www.mayoralassessors.es\/ca\/presentacio\/","title":{"rendered":"EL DESPATX"},"content":{"rendered":"<p>[vc_row css_animation=&#8221;&#8221; row_type=&#8221;row&#8221; use_row_as_full_screen_section=&#8221;no&#8221; type=&#8221;full_width&#8221; angled_section=&#8221;no&#8221; text_align=&#8221;left&#8221; background_image_as_pattern=&#8221;without_pattern&#8221;][vc_column][vc_single_image image=&#8221;16130&#8243; img_size=&#8221;full&#8221; alignment=&#8221;center&#8221; qode_css_animation=&#8221;&#8221;][\/vc_column][\/vc_row][vc_row css_animation=&#8221;&#8221; row_type=&#8221;row&#8221; use_row_as_full_screen_section=&#8221;no&#8221; type=&#8221;full_width&#8221; angled_section=&#8221;no&#8221; text_align=&#8221;left&#8221; background_image_as_pattern=&#8221;without_pattern&#8221; padding_top=&#8221;80&#8243; padding_bottom=&#8221;70&#8243; equal_height=&#8221;yes&#8221;][vc_column width=&#8221;1\/2&#8243;][vc_column_text]<\/p>\n<h2 class=\"titular_servei\">PROFESSIONALS AL VOSTRE SERVEI<\/h2>\n<h3 style=\"text-align: justify;\">El nostre equip el componen professionals de primer nivell amb una llarga traject\u00f2ria en els \u00e0mbits de l\u2019assessoria fiscal, laboral i comptable.<\/h3>\n<h3 style=\"text-align: justify;\">Les persones, l\u2019equip hum\u00e0, s\u00f3n el valor afegit de MAYORAL ASSESSORS.<\/h3>\n<p>[\/vc_column_text][\/vc_column][vc_column width=&#8221;1\/2&#8243;][vc_column_text]<\/p>\n<p style=\"text-align: justify;\"><strong>MAYORAL ASSESSORS<\/strong> despatx professional dedicat a l&#8217;assessoria fiscal, laboral i comptable situat al centre neur\u00e0lgic de negocis de Barcelona, al carrrer Tuset, 24, planta 4. La nostra traject\u00f2ria en el m\u00f3n de l\u2019assessorament empresarial comen\u00e7\u00e0 l\u2019any 1948. Al llarg d\u2019aquests anys, hem viscut molts canvis als quals ens hem adaptat amb \u00e8xit mantenint intactes els nostres valors i compromesos amb els nostres clients. Aquest comprom\u00eds i el valor afegit de la nostra firma; el nostre equip, ens permeten cada dia poder seguir oferint un servei de la m\u00e0xima qualitat.<\/p>\n<p>[\/vc_column_text][\/vc_column][\/vc_row][vc_row css_animation=&#8221;&#8221; row_type=&#8221;row&#8221; use_row_as_full_screen_section=&#8221;no&#8221; type=&#8221;full_width&#8221; angled_section=&#8221;no&#8221; text_align=&#8221;left&#8221; background_image_as_pattern=&#8221;without_pattern&#8221; css=&#8221;.vc_custom_1582907061505{margin-top: 0px !important;border-top-width: 0px !important;padding-bottom: 60px !important;}&#8221; z_index=&#8221;&#8221;][vc_column][vc_separator type=&#8221;normal&#8221; color=&#8221;#d8d9da&#8221; thickness=&#8221;1px&#8221; up=&#8221;0&#8243; down=&#8221;20px&#8221;][vc_column_text css=&#8221;.vc_custom_1603720084263{padding-top: 25px !important;}&#8221;]<\/p>\n<h2 class=\"titular_servei\" style=\"text-align: left;\">EL NOSTRE EQUIP<\/h2>\n<p>[\/vc_column_text][\/vc_column][\/vc_row][vc_row css_animation=&#8221;&#8221; row_type=&#8221;row&#8221; use_row_as_full_screen_section=&#8221;no&#8221; type=&#8221;full_width&#8221; angled_section=&#8221;no&#8221; text_align=&#8221;left&#8221; background_image_as_pattern=&#8221;without_pattern&#8221; padding_bottom=&#8221;90&#8243; css=&#8221;.vc_custom_1603451506144{margin-bottom: 50px !important;}&#8221; z_index=&#8221;&#8221; el_class=&#8221;equip&#8221;][vc_column width=&#8221;1\/4&#8243;][vc_column_text css=&#8221;.vc_custom_1701271067691{border-top-width: 0px !important;border-right-width: 0px !important;border-bottom-width: 6px !important;border-left-width: 0px !important;background-color: #e8e8e8 !important;border-left-color: #37557c !important;border-right-color: #37557c !important;border-top-color: #37557c !important;border-bottom-color: #37557c !important;}&#8221; el_class=&#8221;equip-fitxa&#8221;]<\/p>\n<h2 class=\"nombre\"><a href=\"mailto:xavier@mayoralassessors.es\">XAVIER<br \/>\nMAYORAL i JOV\u00c9<\/a><\/h2>\n<h4 class=\"nombre posicion\">Assessor Fiscal<br \/>\nSoci Fundador<\/h4>\n<p>[\/vc_column_text][vc_column_text css=&#8221;.vc_custom_1608288623589{padding-top: 15% !important;}&#8221;]<\/p>\n<p class=\"p1\" style=\"text-align: left;\">Com a Soci Director estic implicat en la coordinaci\u00f3 de cadascuna de les \u00e0rees del despatx.<\/p>\n<p class=\"p1\" style=\"text-align: left;\">Assumeixo la responsabilitat de les actuacions professionals.<\/p>\n<p>[\/vc_column_text][vc_column_text css=&#8221;.vc_custom_1608222181598{border-top-width: 1px !important;border-bottom-width: 1px !important;border-top-color: #d8d8d8 !important;border-top-style: s\u00f2lid !important;border-bottom-color: #d8d8d8 !important;border-bottom-style: s\u00f2lid !important;}&#8221; el_class=&#8221;mail-equip&#8221;]<\/p>\n<p class=\"p1\"><a href=\"mailto:xavier@mayoralassessors.es\"><span data-type=\"normal\"  class=\"qode_icon_shortcode  q_font_awsome_icon fa-lg  \" style=\"margin: 0 5px 0 0; \"><i class=\"qode_icon_font_awesome fa fa-envelope qode_icon_element\" style=\"color: #37557c;\" ><\/i><\/span> xavier@mayoralassessors.es<\/a><\/p>\n<p>[\/vc_column_text][\/vc_column][vc_column width=&#8221;1\/4&#8243; css=&#8221;.vc_custom_1602229017367{margin-bottom: 5% !important;}&#8221;][vc_column_text css=&#8221;.vc_custom_1608222408846{border-top-width: 0px !important;border-right-width: 0px !important;border-bottom-width: 6px !important;border-left-width: 0px !important;background-color: #e8e8e8 !important;border-left-color: #37557c !important;border-left-style: s\u00f2lid !important;border-right-color: #37557c !important;border-right-style: s\u00f2lid !important;border-top-color: #37557c !important;border-top-style: s\u00f2lid !important;border-bottom-color: #37557c !important;border-bottom-style: s\u00f2lid !important;}&#8221; el_class=&#8221;equip-fitxa&#8221;]<\/p>\n<h2 class=\"nombre\"><a href=\"mailto:anna@mayoralassessors.es\">ANNA<br \/>\nANTICH<\/a><\/h2>\n<h4 class=\"nombre posicion\">Direcci\u00f3 Administrativa<br \/>\nCoordinadora de Gesti\u00f3<\/h4>\n<p>[\/vc_column_text][vc_column_text css=&#8221;.vc_custom_1608288667273{padding-top: 15% !important;}&#8221;]<\/p>\n<p style=\"text-align: left;\">Directora Administrativa i Coordinadora de Gesti\u00f3, ens organitza i realitza el seguiment dels expedients de tramitaci\u00f3 complint amb els terminis establerts.<\/p>\n<p>[\/vc_column_text][vc_column_text css=&#8221;.vc_custom_1608222188936{border-top-width: 1px !important;border-bottom-width: 1px !important;border-top-color: #d8d8d8 !important;border-top-style: s\u00f2lid !important;border-bottom-color: #d8d8d8 !important;border-bottom-style: s\u00f2lid !important;}&#8221; el_class=&#8221;mail-equip&#8221;]<\/p>\n<p class=\"p1\"><a href=\"mailto:anna@mayoralassessors.es\"><span data-type=\"normal\"  class=\"qode_icon_shortcode  q_font_awsome_icon fa-lg  \" style=\"margin: 0 5px 0 0; \"><i class=\"qode_icon_font_awesome fa fa-envelope qode_icon_element\" style=\"color: #37557c;\" ><\/i><\/span> anna@mayoralassessors.es<\/a><\/p>\n<p>[\/vc_column_text][\/vc_column][vc_column width=&#8221;1\/4&#8243;][vc_column_text css=&#8221;.vc_custom_1701271369247{border-top-width: 0px !important;border-right-width: 0px !important;border-bottom-width: 6px !important;border-left-width: 0px !important;background-color: #e8e8e8 !important;border-left-color: #37557c !important;border-right-color: #37557c !important;border-top-color: #37557c !important;border-bottom-color: #37557c !important;}&#8221; el_class=&#8221;equip-fitxa&#8221;]<\/p>\n<h2 class=\"nombre\"><a href=\"mailto:nuria@mayoralassessors.es\">N\u00daRIA<br \/>\nBELTRAN<\/a><\/h2>\n<h4 class=\"nombre posicion\">Graduada Social<br \/>\nRecursos Humans<\/h4>\n<p>[\/vc_column_text][vc_column_text css=&#8221;.vc_custom_1701271516117{padding-top: 15% !important;}&#8221;]<\/p>\n<p class=\"p1\" style=\"text-align: left;\">Des de gener de 1997 que s&#8217;incorpora a MAYORAL \u00e9s la cap de Recursos Humans, la seva pedagogia i empatia son exquisides.<\/p>\n<p>[\/vc_column_text][vc_column_text css=&#8221;.vc_custom_1608222195798{border-top-width: 1px !important;border-bottom-width: 1px !important;border-top-color: #d8d8d8 !important;border-top-style: s\u00f2lid !important;border-bottom-color: #d8d8d8 !important;border-bottom-style: s\u00f2lid !important;}&#8221; el_class=&#8221;mail-equip&#8221;]<\/p>\n<p class=\"p1\"><a href=\"mailto:nuria@mayoralassessors.es\"><span data-type=\"normal\"  class=\"qode_icon_shortcode  q_font_awsome_icon fa-lg  \" style=\"margin: 0 5px 0 0; \"><i class=\"qode_icon_font_awesome fa fa-envelope qode_icon_element\" style=\"color: #37557c;\" ><\/i><\/span> nuria@mayoralassessors.es<\/a><\/p>\n<p>[\/vc_column_text][\/vc_column][vc_column width=&#8221;1\/4&#8243;][vc_column_text css=&#8221;.vc_custom_1608222420106{border-top-width: 0px !important;border-right-width: 0px !important;border-bottom-width: 6px !important;border-left-width: 0px !important;background-color: #e8e8e8 !important;border-left-color: #37557c !important;border-left-style: s\u00f2lid !important;border-right-color: #37557c !important;border-right-style: s\u00f2lid !important;border-top-color: #37557c !important;border-top-style: s\u00f2lid !important;border-bottom-color: #37557c !important;border-bottom-style: s\u00f2lid !important;}&#8221; el_class=&#8221;equip-fitxa&#8221;]<\/p>\n<h2 class=\"nombre\"><a href=\"mailto:cristina@mayoralassessors.es\">CRISTINA<br \/>\nBAR\u00d3<\/a><\/h2>\n<h4 class=\"nombre posicion\">Administraci\u00f3 i Direcci\u00f3 d&#8217;Empreses<\/h4>\n<p>[\/vc_column_text][vc_column_text css=&#8221;.vc_custom_1608288692625{padding-top: 15% !important;}&#8221;]<\/p>\n<p class=\"p1\" style=\"text-align: left;\">Organitzada i meticulosa amb la comptabilitat i la fiscalitat, d\u00f3na la pau i la calma que necessitem tant nosaltres com els clients, aix\u00ed li\u00a0 agra\u00efm i els clients ho reconeixen.<\/p>\n<p>[\/vc_column_text][vc_column_text css=&#8221;.vc_custom_1608222202254{border-top-width: 1px !important;border-bottom-width: 1px !important;border-top-color: #d8d8d8 !important;border-top-style: s\u00f2lid !important;border-bottom-color: #d8d8d8 !important;border-bottom-style: s\u00f2lid !important;}&#8221; el_class=&#8221;mail-equip&#8221;]<\/p>\n<p class=\"p1\"><a href=\"mailto:cristina@mayoralassessors.es\"><span data-type=\"normal\"  class=\"qode_icon_shortcode  q_font_awsome_icon fa-lg  \" style=\"margin: 0 5px 0 0; \"><i class=\"qode_icon_font_awesome fa fa-envelope qode_icon_element\" style=\"color: #37557c;\" ><\/i><\/span> cristina@mayoralassessors.es<\/a><\/p>\n<p>[\/vc_column_text][\/vc_column][\/vc_row][vc_row css_animation=&#8221;&#8221; row_type=&#8221;row&#8221; use_row_as_full_screen_section=&#8221;no&#8221; type=&#8221;full_width&#8221; angled_section=&#8221;no&#8221; text_align=&#8221;left&#8221; background_image_as_pattern=&#8221;without_pattern&#8221; padding_bottom=&#8221;90&#8243; css=&#8221;.vc_custom_1603451510512{margin-bottom: 50px !important;}&#8221; z_index=&#8221;&#8221; el_class=&#8221;equip&#8221;][vc_column width=&#8221;1\/4&#8243;][vc_column_text css=&#8221;.vc_custom_1608222427622{border-top-width: 0px !important;border-right-width: 0px !important;border-bottom-width: 6px !important;border-left-width: 0px !important;background-color: #e8e8e8 !important;border-left-color: #37557c !important;border-left-style: s\u00f2lid !important;border-right-color: #37557c !important;border-right-style: s\u00f2lid !important;border-top-color: #37557c !important;border-top-style: s\u00f2lid !important;border-bottom-color: #37557c !important;border-bottom-style: s\u00f2lid !important;}&#8221; el_class=&#8221;equip-fitxa&#8221;]<\/p>\n<h2 class=\"nombre\"><a href=\"mailto:bea@mayoralassessors.es\">BEA<br \/>\nRODRIGUEZ<\/a><\/h2>\n<h4 class=\"nombre posicion\">Gesti\u00f3 Laboral<br \/>\nRecursos Humans<\/h4>\n<p>[\/vc_column_text][vc_column_text css=&#8221;.vc_custom_1608288701725{padding-top: 15% !important;}&#8221;]<\/p>\n<p class=\"p1\" style=\"text-align: left;\">Gestiona les n\u00f2mines de les empreses assignades, per\u00f2 al mateix temps t\u00e9 un sis\u00e8 sentit que est\u00e0 pendent de tot i mai hem sabut com ho fa. Sempre somriu.<\/p>\n<p>[\/vc_column_text][vc_column_text css=&#8221;.vc_custom_1608222208731{border-top-width: 1px !important;border-bottom-width: 1px !important;border-top-color: #d8d8d8 !important;border-top-style: s\u00f2lid !important;border-bottom-color: #d8d8d8 !important;border-bottom-style: s\u00f2lid !important;}&#8221; el_class=&#8221;mail-equip&#8221;]<\/p>\n<p class=\"p1\"><a href=\"mailto:bea@mayoralassessors.es\"><span data-type=\"normal\"  class=\"qode_icon_shortcode  q_font_awsome_icon fa-lg  \" style=\"margin: 0 5px 0 0; \"><i class=\"qode_icon_font_awesome fa fa-envelope qode_icon_element\" style=\"color: #37557c;\" ><\/i><\/span> bea@mayoralassessors.es<\/a><\/p>\n<p>[\/vc_column_text][\/vc_column][vc_column width=&#8221;1\/4&#8243;][vc_column_text css=&#8221;.vc_custom_1631544393574{border-top-width: 0px !important;border-right-width: 0px !important;border-bottom-width: 6px !important;border-left-width: 0px !important;background-color: #e8e8e8 !important;border-left-color: #37557c !important;border-right-color: #37557c !important;border-top-color: #37557c !important;border-bottom-color: #37557c !important;}&#8221; el_class=&#8221;equip-fitxa&#8221;]<\/p>\n<h2 class=\"nombre\"><a href=\"mailto:belen@mayoralassessors.es\">BEL\u00c9N<br \/>\nMERCHANT<\/a><\/h2>\n<h4 class=\"nombre posicion\">Responsable<br \/>\n\u00c0rea Comptable<\/h4>\n<p>[\/vc_column_text][vc_column_text css=&#8221;.vc_custom_1608288710971{padding-top: 15% !important;}&#8221;]<\/p>\n<p class=\"p1\" style=\"text-align: left;\">Tecnol\u00f2gica amb una formaci\u00f3 comptable excel\u00b7lent, domina els innovadors softwares que utilitzem de meravella. Algun client l&#8217;ha volgut fitxar, sempre s&#8217;hi ha negat.<\/p>\n<p>[\/vc_column_text][vc_column_text css=&#8221;.vc_custom_1608222214465{border-top-width: 1px !important;border-bottom-width: 1px !important;border-top-color: #d8d8d8 !important;border-top-style: s\u00f2lid !important;border-bottom-color: #d8d8d8 !important;border-bottom-style: s\u00f2lid !important;}&#8221; el_class=&#8221;mail-equip&#8221;]<\/p>\n<p class=\"p1\"><a href=\"mailto:belen@mayoralassessors.es\"><span data-type=\"normal\"  class=\"qode_icon_shortcode  q_font_awsome_icon fa-lg  \" style=\"margin: 0 5px 0 0; \"><i class=\"qode_icon_font_awesome fa fa-envelope qode_icon_element\" style=\"color: #37557c;\" ><\/i><\/span> belen@mayoralassessors.es<\/a><\/p>\n<p>[\/vc_column_text][\/vc_column][vc_column width=&#8221;1\/4&#8243;][vc_column_text css=&#8221;.vc_custom_1701270156995{border-top-width: 0px !important;border-right-width: 0px !important;border-bottom-width: 6px !important;border-left-width: 0px !important;background-color: #e8e8e8 !important;border-left-color: #37557c !important;border-right-color: #37557c !important;border-top-color: #37557c !important;border-bottom-color: #37557c !important;}&#8221; el_class=&#8221;equip-fitxa&#8221;]<\/p>\n<h2 class=\"nombre\"><a href=\"mailto:bea@mayoralassessors.es\">MISHEL<\/a><br \/>\n<a href=\"mailto:bmayoral@mayoralassessors.es\">JIMENEZ<\/a><\/h2>\n<h4 class=\"nombre posicion\">Fiscal &#8211; Comptable<br \/>\nComunicaci\u00f3 Pimes<\/h4>\n<p>[\/vc_column_text][vc_column_text css=&#8221;.vc_custom_1701270122767{padding-top: 15% !important;}&#8221;]<\/p>\n<p class=\"p1\" style=\"text-align: left;\">Recent incorporaci\u00f3 per unir-se al nostre equip com excel\u00b7lent refor\u00e7 per les \u00e0rees fiscal i comptable i la comunicaci\u00f3 amb els nostres clients.<\/p>\n<p>[\/vc_column_text][vc_column_text css=&#8221;.vc_custom_1701270237201{border-top-width: 1px !important;border-bottom-width: 1px !important;border-top-color: #d8d8d8 !important;border-bottom-color: #d8d8d8 !important;}&#8221; el_class=&#8221;mail-equip&#8221;]<\/p>\n<p class=\"p1\"><span data-type=\"normal\"  class=\"qode_icon_shortcode  q_font_awsome_icon fa-lg  \" style=\"margin: 0 5px 0 0; \"><i class=\"qode_icon_font_awesome fa fa-envelope qode_icon_element\" style=\"color: #37557c;\" ><\/i><\/span> <a href=\"mailto:mishel@mayoralassessors.es\">mishel@mayoralassessors.es<\/a><\/p>\n<p>[\/vc_column_text][\/vc_column][\/vc_row][vc_row css_animation=&#8221;&#8221; row_type=&#8221;row&#8221; use_row_as_full_screen_section=&#8221;no&#8221; type=&#8221;full_width&#8221; angled_section=&#8221;no&#8221; text_align=&#8221;left&#8221; background_image_as_pattern=&#8221;without_pattern&#8221; css=&#8221;.vc_custom_1582907061505{margin-top: 0px !important;border-top-width: 0px !important;padding-bottom: 60px !important;}&#8221; z_index=&#8221;&#8221;][vc_column][vc_separator type=&#8221;normal&#8221; color=&#8221;#d8d9da&#8221; thickness=&#8221;1px&#8221; up=&#8221;0&#8243; down=&#8221;20px&#8221;][\/vc_column][\/vc_row][vc_row css_animation=&#8221;&#8221; row_type=&#8221;row&#8221; use_row_as_full_screen_section=&#8221;no&#8221; type=&#8221;full_width&#8221; angled_section=&#8221;no&#8221; text_align=&#8221;left&#8221; background_image_as_pattern=&#8221;without_pattern&#8221;][vc_column][vc_empty_space][\/vc_column][\/vc_row]<\/p>\n","protected":false},"excerpt":{"rendered":"<p>[vc_row css_animation=&#8221;&#8221; row_type=&#8221;row&#8221; use_row_as_full_screen_section=&#8221;no&#8221; type=&#8221;full_width&#8221; angled_section=&#8221;no&#8221; text_align=&#8221;left&#8221; background_image_as_pattern=&#8221;without_pattern&#8221;][vc_column][vc_single_image image=&#8221;16130&#8243; img_size=&#8221;full&#8221; alignment=&#8221;center&#8221; qode_css_animation=&#8221;&#8221;][\/vc_column][\/vc_row][vc_row css_animation=&#8221;&#8221; row_type=&#8221;row&#8221; use_row_as_full_screen_section=&#8221;no&#8221; type=&#8221;full_width&#8221; angled_section=&#8221;no&#8221; text_align=&#8221;left&#8221; background_image_as_pattern=&#8221;without_pattern&#8221; padding_top=&#8221;80&#8243; padding_bottom=&#8221;70&#8243; equal_height=&#8221;yes&#8221;][vc_column width=&#8221;1\/2&#8243;][vc_column_text] PROFESSIONALS AL VOSTRE SERVEI El nostre equip el componen professionals de primer nivell amb una llarga traject\u00f2ria en els \u00e0mbits de l\u2019assessoria&#8230;<\/p>\n","protected":false},"author":2,"featured_media":0,"parent":0,"menu_order":0,"comment_status":"open","ping_status":"closed","template":"","meta":[],"_links":{"self":[{"href":"https:\/\/www.mayoralassessors.es\/ca\/wp-json\/wp\/v2\/pages\/15455\/"}],"collection":[{"href":"https:\/\/www.mayoralassessors.es\/ca\/wp-json\/wp\/v2\/pages\/"}],"about":[{"href":"https:\/\/www.mayoralassessors.es\/ca\/wp-json\/wp\/v2\/types\/page\/"}],"author":[{"embeddable":true,"href":"https:\/\/www.mayoralassessors.es\/ca\/wp-json\/wp\/v2\/users\/2\/"}],"replies":[{"embeddable":true,"href":"https:\/\/www.mayoralassessors.es\/ca\/wp-json\/wp\/v2\/comments\/?post=15455"}],"version-history":[{"count":203,"href":"https:\/\/www.mayoralassessors.es\/ca\/wp-json\/wp\/v2\/pages\/15455\/revisions\/"}],"predecessor-version":[{"id":17311,"href":"https:\/\/www.mayoralassessors.es\/ca\/wp-json\/wp\/v2\/pages\/15455\/revisions\/17311\/"}],"wp:attachment":[{"href":"https:\/\/www.mayoralassessors.es\/ca\/wp-json\/wp\/v2\/media\/?parent=15455"}],"curies":[{"name":"wp","href":"https:\/\/api.w.org\/{rel}","templated":true}]}}