{"id":15471,"date":"2020-02-26T19:54:03","date_gmt":"2020-02-26T17:54:03","guid":{"rendered":"https:\/\/www.mayoralassessors.es\/?page_id=15471"},"modified":"2020-12-18T13:26:47","modified_gmt":"2020-12-18T11:26:47","slug":"area-fiscal","status":"publish","type":"page","link":"https:\/\/www.mayoralassessors.es\/ca\/area-fiscal\/","title":{"rendered":"\u00c0rea Fiscal"},"content":{"rendered":"<p>[vc_row css_animation=&#8221;&#8221; row_type=&#8221;row&#8221; use_row_as_full_screen_section=&#8221;no&#8221; type=&#8221;full_width&#8221; angled_section=&#8221;no&#8221; text_align=&#8221;left&#8221; background_image_as_pattern=&#8221;without_pattern&#8221; z_index=&#8221;&#8221; side_padding=&#8221;0&#8243; padding_top=&#8221;0&#8243; padding_bottom=&#8221;0&#8243;][vc_column width=&#8221;1\/3&#8243; css=&#8221;.vc_custom_1587487247147{margin: 0px !important;padding: 0px !important;}&#8221;][vc_single_image image=&#8221;15669&#8243; img_size=&#8221;353&#215;243&#8243; alignment=&#8221;center&#8221; qode_css_animation=&#8221;&#8221;][vc_empty_space height=&#8221;21px&#8221; el_class=&#8221;espai-imatges&#8221;][vc_single_image image=&#8221;16107&#8243; img_size=&#8221;353&#215;243&#8243; alignment=&#8221;center&#8221; qode_css_animation=&#8221;&#8221;][\/vc_column][vc_column width=&#8221;1\/3&#8243; css=&#8221;.vc_custom_1587487257810{margin: 0px !important;padding: 0px !important;}&#8221;][vc_single_image image=&#8221;16142&#8243; img_size=&#8221;355&#215;504&#8243; alignment=&#8221;center&#8221; qode_css_animation=&#8221;&#8221; css=&#8221;.vc_custom_1604690668954{margin-top: 0px !important;margin-right: 0px !important;margin-bottom: 0px !important;margin-left: 0px !important;padding-top: 0px !important;padding-right: 0px !important;padding-bottom: 0px !important;padding-left: 0px !important;}&#8221;][\/vc_column][vc_column width=&#8221;1\/3&#8243; css=&#8221;.vc_custom_1587487269230{margin: 0px !important;padding: 0px !important;}&#8221;][vc_single_image image=&#8221;16998&#8243; img_size=&#8221;353&#215;241&#8243; alignment=&#8221;center&#8221; qode_css_animation=&#8221;&#8221;][vc_empty_space height=&#8221;21px&#8221; el_class=&#8221;espai-imatges&#8221;][vc_single_image image=&#8221;16103&#8243; img_size=&#8221;353&#215;243&#8243; alignment=&#8221;center&#8221; qode_css_animation=&#8221;&#8221;][\/vc_column][\/vc_row][vc_row css_animation=&#8221;&#8221; row_type=&#8221;row&#8221; use_row_as_full_screen_section=&#8221;no&#8221; type=&#8221;full_width&#8221; angled_section=&#8221;no&#8221; text_align=&#8221;left&#8221; background_image_as_pattern=&#8221;without_pattern&#8221; padding_top=&#8221;80&#8243; padding_bottom=&#8221;70&#8243; equal_height=&#8221;yes&#8221;][vc_column width=&#8221;1\/2&#8243;][vc_column_text]<\/p>\n<h2 class=\"titular_servei\" style=\"text-align: left;\">\u00c0REA FISCAL<\/h2>\n<h3 style=\"text-align: left;\">L&#8217;assessoria i la planificaci\u00f3 fiscal unides al nostre servei de documentaci\u00f3 i jurisprud\u00e8ncia, garanteixen als nostres clients la reducci\u00f3 de la c\u00e0rrega impositiva.<\/h3>\n<p>[\/vc_column_text][vc_separator type=&#8221;normal&#8221; up=&#8221;20&#8243; down=&#8221;20&#8243; color=&#8221;#e5e5e5&#8243; thickness=&#8221;1&#8243;][vc_column_text]<\/p>\n<h4 style=\"text-align: left;\">Renda \/ Patrimoni, Societats, IVA, Operacions Intracomunitaries, Fiscalitat Financera, Fiscalitat Internacional, Optimitzaci\u00f3 en Joint Ventures, Fiscalitat Contenciosa<\/h4>\n<p>[\/vc_column_text][\/vc_column][vc_column width=&#8221;1\/2&#8243;][vc_column_text]<\/p>\n<p style=\"text-align: left;\">L\u2019assessoria i la planificaci\u00f3 fiscal unides al nostre servei de documentaci\u00f3 i jurisprud\u00e8ncia, garanteixen als nostres clients la reducci\u00f3 de la c\u00e0rrega impositiva, eviten el risc de l\u2019aplicaci\u00f3 inadequada de la legislaci\u00f3 actual i compleixen de forma clara amb el nostre objectiu principal, l\u2019obtenci\u00f3 de l\u2019estalvi financer fiscal.<\/p>\n<p style=\"text-align: left;\">Com a valor afegit oferim la Reorganitzaci\u00f3 d\u2019empreses i l\u2019Auditoria Fiscal, emetent els informes i dict\u00e0mens precisos, que s\u00f3n necessaris per definir les diferents alternatives, sempre en funci\u00f3 dels objectius marcats pel Consell d\u2019Administraci\u00f3 de la Companyia.<\/p>\n<p style=\"text-align: left;\">Assessorem i defensem als nostres clients representant a les empreses i a les persones f\u00edsiques davant les inspeccions d\u2019Hisenda.<\/p>\n<p>[\/vc_column_text][\/vc_column][\/vc_row]<\/p>\n","protected":false},"excerpt":{"rendered":"<p>[vc_row css_animation=&#8221;&#8221; row_type=&#8221;row&#8221; use_row_as_full_screen_section=&#8221;no&#8221; type=&#8221;full_width&#8221; angled_section=&#8221;no&#8221; text_align=&#8221;left&#8221; background_image_as_pattern=&#8221;without_pattern&#8221; z_index=&#8221;&#8221; side_padding=&#8221;0&#8243; padding_top=&#8221;0&#8243; padding_bottom=&#8221;0&#8243;][vc_column width=&#8221;1\/3&#8243; css=&#8221;.vc_custom_1587487247147{margin: 0px !important;padding: 0px !important;}&#8221;][vc_single_image image=&#8221;15669&#8243; img_size=&#8221;353&#215;243&#8243; alignment=&#8221;center&#8221; qode_css_animation=&#8221;&#8221;][vc_empty_space height=&#8221;21px&#8221; el_class=&#8221;espai-imatges&#8221;][vc_single_image image=&#8221;16107&#8243; img_size=&#8221;353&#215;243&#8243; alignment=&#8221;center&#8221; qode_css_animation=&#8221;&#8221;][\/vc_column][vc_column width=&#8221;1\/3&#8243; css=&#8221;.vc_custom_1587487257810{margin: 0px !important;padding: 0px !important;}&#8221;][vc_single_image image=&#8221;16142&#8243; img_size=&#8221;355&#215;504&#8243; alignment=&#8221;center&#8221; qode_css_animation=&#8221;&#8221; css=&#8221;.vc_custom_1604690668954{margin-top: 0px !important;margin-right: 0px !important;margin-bottom: 0px !important;margin-left:&#8230;<\/p>\n","protected":false},"author":2,"featured_media":0,"parent":0,"menu_order":0,"comment_status":"open","ping_status":"closed","template":"","meta":[],"_links":{"self":[{"href":"https:\/\/www.mayoralassessors.es\/ca\/wp-json\/wp\/v2\/pages\/15471\/"}],"collection":[{"href":"https:\/\/www.mayoralassessors.es\/ca\/wp-json\/wp\/v2\/pages\/"}],"about":[{"href":"https:\/\/www.mayoralassessors.es\/ca\/wp-json\/wp\/v2\/types\/page\/"}],"author":[{"embeddable":true,"href":"https:\/\/www.mayoralassessors.es\/ca\/wp-json\/wp\/v2\/users\/2\/"}],"replies":[{"embeddable":true,"href":"https:\/\/www.mayoralassessors.es\/ca\/wp-json\/wp\/v2\/comments\/?post=15471"}],"version-history":[{"count":26,"href":"https:\/\/www.mayoralassessors.es\/ca\/wp-json\/wp\/v2\/pages\/15471\/revisions\/"}],"predecessor-version":[{"id":17034,"href":"https:\/\/www.mayoralassessors.es\/ca\/wp-json\/wp\/v2\/pages\/15471\/revisions\/17034\/"}],"wp:attachment":[{"href":"https:\/\/www.mayoralassessors.es\/ca\/wp-json\/wp\/v2\/media\/?parent=15471"}],"curies":[{"name":"wp","href":"https:\/\/api.w.org\/{rel}","templated":true}]}}