{"id":15475,"date":"2020-02-26T19:55:13","date_gmt":"2020-02-26T17:55:13","guid":{"rendered":"https:\/\/www.mayoralassessors.es\/?page_id=15475"},"modified":"2020-12-17T14:33:57","modified_gmt":"2020-12-17T12:33:57","slug":"consultoria","status":"publish","type":"page","link":"https:\/\/www.mayoralassessors.es\/ca\/consultoria\/","title":{"rendered":"Consultoria"},"content":{"rendered":"<p>[vc_row css_animation=&#8221;&#8221; row_type=&#8221;row&#8221; use_row_as_full_screen_section=&#8221;no&#8221; type=&#8221;full_width&#8221; angled_section=&#8221;no&#8221; text_align=&#8221;left&#8221; background_image_as_pattern=&#8221;without_pattern&#8221;][vc_column width=&#8221;1\/3&#8243; css=&#8221;.vc_custom_1587487247147{margin: 0px !important;padding: 0px !important;}&#8221;][vc_single_image source=&#8221;external_link&#8221; external_img_size=&#8221;353&#215;243&#8243; alignment=&#8221;center&#8221; qode_css_animation=&#8221;&#8221; custom_src=&#8221;https:\/\/www.mayoralassessors.es\/wp-content\/uploads\/2020\/04\/consultoria1.png&#8221;][vc_empty_space height=&#8221;21px&#8221; el_class=&#8221;espai-imatges&#8221;][vc_single_image image=&#8221;16996&#8243; img_size=&#8221;353&#215;243&#8243; alignment=&#8221;center&#8221; qode_css_animation=&#8221;&#8221;][\/vc_column][vc_column width=&#8221;1\/3&#8243; css=&#8221;.vc_custom_1587487257810{margin: 0px !important;padding: 0px !important;}&#8221;][vc_single_image image=&#8221;17000&#8243; img_size=&#8221;353&#215;241&#8243; alignment=&#8221;center&#8221; qode_css_animation=&#8221;&#8221;][vc_empty_space height=&#8221;21px&#8221; el_class=&#8221;espai-imatges&#8221;][vc_single_image image=&#8221;15669&#8243; img_size=&#8221;353&#215;243&#8243; alignment=&#8221;center&#8221; qode_css_animation=&#8221;&#8221;][\/vc_column][vc_column width=&#8221;1\/3&#8243; css=&#8221;.vc_custom_1587487269230{margin: 0px !important;padding: 0px !important;}&#8221;][vc_single_image image=&#8221;16119&#8243; img_size=&#8221;353&#215;243&#8243; alignment=&#8221;center&#8221; qode_css_animation=&#8221;&#8221;][vc_empty_space height=&#8221;20px&#8221; el_class=&#8221;espai-imatges&#8221;][vc_single_image image=&#8221;16128&#8243; img_size=&#8221;353&#215;243&#8243; alignment=&#8221;center&#8221; qode_css_animation=&#8221;&#8221;][\/vc_column][\/vc_row][vc_row css_animation=&#8221;&#8221; row_type=&#8221;row&#8221; use_row_as_full_screen_section=&#8221;no&#8221; type=&#8221;full_width&#8221; angled_section=&#8221;no&#8221; text_align=&#8221;left&#8221; background_image_as_pattern=&#8221;without_pattern&#8221; padding_top=&#8221;80&#8243; padding_bottom=&#8221;70&#8243; equal_height=&#8221;yes&#8221;][vc_column width=&#8221;1\/2&#8243;][vc_column_text]<\/p>\n<h2 class=\"titular_servei\">CONSULTORIA<\/h2>\n<h3>Impulsem el proc\u00e9s de transformaci\u00f3 de les companyies<\/h3>\n<p>[\/vc_column_text][vc_separator type=&#8221;normal&#8221; up=&#8221;20&#8243; down=&#8221;20&#8243; color=&#8221;#e5e5e5&#8243; thickness=&#8221;1&#8243;][vc_column_text]<\/p>\n<h4>Estrat\u00e8gia de Gesti\u00f3, Disseny dels Processos, Digitalitzaci\u00f3, Arxiu i Accessos, Outsourcing, App Gesti\u00f3 Cloud, Workflow, Seguretat<\/h4>\n<p>[\/vc_column_text][\/vc_column][vc_column width=&#8221;1\/2&#8243;][vc_column_text]Des de la Consultor\u00eda impulsem el proc\u00e9s de transformaci\u00f3 de las companyies i\u00a0 optimitzem la gesti\u00f3 empresarial.<\/p>\n<p>&nbsp;<\/p>\n<p>Ajudem els nostres clients a liderar els seus mercats mitjan\u00e7ant el disseny, la gesti\u00f3\u00a0 i l&#8217;execuci\u00f3 de processos i procedimients i al mateix temps ens fem c\u00e0rrec de la gesti\u00f3 documental.[\/vc_column_text][\/vc_column][\/vc_row]<\/p>\n","protected":false},"excerpt":{"rendered":"<p>[vc_row css_animation=&#8221;&#8221; row_type=&#8221;row&#8221; use_row_as_full_screen_section=&#8221;no&#8221; type=&#8221;full_width&#8221; angled_section=&#8221;no&#8221; text_align=&#8221;left&#8221; background_image_as_pattern=&#8221;without_pattern&#8221;][vc_column width=&#8221;1\/3&#8243; css=&#8221;.vc_custom_1587487247147{margin: 0px !important;padding: 0px !important;}&#8221;][vc_single_image source=&#8221;external_link&#8221; external_img_size=&#8221;353&#215;243&#8243; alignment=&#8221;center&#8221; qode_css_animation=&#8221;&#8221; custom_src=&#8221;https:\/\/www.mayoralassessors.es\/wp-content\/uploads\/2020\/04\/consultoria1.png&#8221;][vc_empty_space height=&#8221;21px&#8221; el_class=&#8221;espai-imatges&#8221;][vc_single_image image=&#8221;16996&#8243; img_size=&#8221;353&#215;243&#8243; alignment=&#8221;center&#8221; qode_css_animation=&#8221;&#8221;][\/vc_column][vc_column width=&#8221;1\/3&#8243; css=&#8221;.vc_custom_1587487257810{margin: 0px !important;padding: 0px !important;}&#8221;][vc_single_image image=&#8221;17000&#8243; img_size=&#8221;353&#215;241&#8243; alignment=&#8221;center&#8221; qode_css_animation=&#8221;&#8221;][vc_empty_space height=&#8221;21px&#8221; el_class=&#8221;espai-imatges&#8221;][vc_single_image image=&#8221;15669&#8243; img_size=&#8221;353&#215;243&#8243; alignment=&#8221;center&#8221; qode_css_animation=&#8221;&#8221;][\/vc_column][vc_column width=&#8221;1\/3&#8243; css=&#8221;.vc_custom_1587487269230{margin: 0px !important;padding:&#8230;<\/p>\n","protected":false},"author":2,"featured_media":0,"parent":0,"menu_order":0,"comment_status":"open","ping_status":"closed","template":"","meta":[],"_links":{"self":[{"href":"https:\/\/www.mayoralassessors.es\/ca\/wp-json\/wp\/v2\/pages\/15475\/"}],"collection":[{"href":"https:\/\/www.mayoralassessors.es\/ca\/wp-json\/wp\/v2\/pages\/"}],"about":[{"href":"https:\/\/www.mayoralassessors.es\/ca\/wp-json\/wp\/v2\/types\/page\/"}],"author":[{"embeddable":true,"href":"https:\/\/www.mayoralassessors.es\/ca\/wp-json\/wp\/v2\/users\/2\/"}],"replies":[{"embeddable":true,"href":"https:\/\/www.mayoralassessors.es\/ca\/wp-json\/wp\/v2\/comments\/?post=15475"}],"version-history":[{"count":22,"href":"https:\/\/www.mayoralassessors.es\/ca\/wp-json\/wp\/v2\/pages\/15475\/revisions\/"}],"predecessor-version":[{"id":17015,"href":"https:\/\/www.mayoralassessors.es\/ca\/wp-json\/wp\/v2\/pages\/15475\/revisions\/17015\/"}],"wp:attachment":[{"href":"https:\/\/www.mayoralassessors.es\/ca\/wp-json\/wp\/v2\/media\/?parent=15475"}],"curies":[{"name":"wp","href":"https:\/\/api.w.org\/{rel}","templated":true}]}}