{"id":15879,"date":"2020-10-08T17:02:26","date_gmt":"2020-10-08T15:02:26","guid":{"rendered":"https:\/\/www.mayoralassessors.es\/?page_id=15879"},"modified":"2023-07-19T15:01:34","modified_gmt":"2023-07-19T13:01:34","slug":"experiencies-client","status":"publish","type":"page","link":"https:\/\/www.mayoralassessors.es\/ca\/experiencies-client\/","title":{"rendered":"NOU DESPATX"},"content":{"rendered":"<p>[vc_row css_animation=&#8221;&#8221; row_type=&#8221;row&#8221; use_row_as_full_screen_section=&#8221;no&#8221; type=&#8221;full_width&#8221; angled_section=&#8221;no&#8221; text_align=&#8221;left&#8221; background_image_as_pattern=&#8221;without_pattern&#8221; z_index=&#8221;&#8221; side_padding=&#8221;0&#8243; padding_top=&#8221;0&#8243; padding_bottom=&#8221;0&#8243; css=&#8221;.vc_custom_1604307339190{padding-right: 15px !important;padding-left: 15px !important;}&#8221;][vc_column width=&#8221;1\/2&#8243; css=&#8221;.vc_custom_1604307110542{margin-top: 0px !important;margin-right: 0px !important;margin-bottom: 0px !important;margin-left: 0px !important;padding-top: 0px !important;padding-right: 15px !important;padding-bottom: 0px !important;padding-left: 15px !important;}&#8221;][vc_single_image image=&#8221;16412&#8243; img_size=&#8221;792&#215;595&#8243; alignment=&#8221;center&#8221; qode_css_animation=&#8221;&#8221; css=&#8221;.vc_custom_1603819980391{margin-top: 0px !important;margin-right: 0px !important;margin-bottom: 0px !important;margin-left: 0px !important;padding-top: 0px !important;padding-right: 0px !important;padding-bottom: 0px !important;padding-left: 0px !important;}&#8221;][vc_empty_space][vc_column_text]<\/p>\n<h2 class=\"titular_servei\">MUNDIAL DE SUPERBIKES 2020<\/h2>\n<p>[\/vc_column_text][vc_separator type=&#8221;normal&#8221; up=&#8221;20&#8243; down=&#8221;20&#8243; color=&#8221;#e5e5e5&#8243; thickness=&#8221;1&#8243;][vc_column_text]<\/p>\n<p class=\"p1\" style=\"text-align: justify;\">Els resultats del\u00a0<strong>KAWASAKI\u00a0RACING\u00a0TEAM<\/strong>\u00a0s\u00f3n la conseq\u00fc\u00e8ncia de constants esfor\u00e7os i treball ben fet d&#8217;un conjunt de persones que treballen en equip.\u00a0<strong>Kawasaki\u00a0Heavy\u00a0Industries<\/strong> \u00e9s una empresa d&#8217;enginyeria japonesa amb m\u00e9s de 32.000 treballadors on l&#8217;excel\u00b7l\u00e8ncia en la gesti\u00f3 empresarial s\u00f3n imprescindibles si vols treballar amb ells. El Management Japon\u00e8s t\u00e9 externalitzada i dipositada tota la seva confian\u00e7a per a la gesti\u00f3 operativa, esportiva i de m\u00e0rqueting de l&#8217;equip de carreres de f\u00e0brica\u00a0 a la societat\u00a0 mercantil\u00a0 amb seu a Catalunya <strong>PROVEC\u00a0RACING.<\/strong><\/p>\n<p>[\/vc_column_text][vc_empty_space][vc_row_inner row_type=&#8221;row&#8221; type=&#8221;full_width&#8221; text_align=&#8221;left&#8221; css_animation=&#8221;&#8221;][vc_column_inner width=&#8221;1\/2&#8243;][vc_single_image image=&#8221;16355&#8243; img_size=&#8221;318&#215;238&#8243; alignment=&#8221;center&#8221; qode_css_animation=&#8221;&#8221;][\/vc_column_inner][vc_column_inner width=&#8221;1\/2&#8243;][vc_single_image image=&#8221;16359&#8243; img_size=&#8221;318&#215;238&#8243; alignment=&#8221;center&#8221; qode_css_animation=&#8221;&#8221;][\/vc_column_inner][\/vc_row_inner][vc_row_inner row_type=&#8221;row&#8221; type=&#8221;full_width&#8221; text_align=&#8221;left&#8221; css_animation=&#8221;&#8221;][vc_column_inner][vc_empty_space][vc_column_text]<\/p>\n<h2 style=\"color: #707c7c;\"><em><strong><span style=\"font-size: 1.6em;\">&#8221; 6\u00e8 Mundial consecutiu!!<\/span><\/strong><\/em><\/h2>\n<p>[\/vc_column_text][vc_empty_space][vc_column_text]<\/p>\n<p style=\"text-align: justify;\"><strong>PROVEC\u00a0RACING<\/strong> va apostar en el seu moment,\u00a0 externalitzar i\u00a0 contractar a MAYORAL ASSESSORS\u00a0 per la implementaci\u00f3 i gesti\u00f3 del back office empresarial tant a nivell fiscal, com a laboral, comptable i estrat\u00e8gic.<\/p>\n<p class=\"p1\" style=\"text-align: justify;\">Despr\u00e9s de m\u00e9s de 15 anys de col\u00b7laboraci\u00f3 professional ens demostren cada dia la seva m\u00e0xima efici\u00e8ncia i flexibilitat que requereix una assessoria competitiva.<\/p>\n<p style=\"text-align: justify;\"><span style=\"color: #003300;\"><strong>Biel Roda<\/strong> <\/span>| <strong><span style=\"color: #6db530;\">M\u00e0rketing Manager<\/span><\/strong><\/p>\n<p>[\/vc_column_text][\/vc_column_inner][\/vc_row_inner][\/vc_column][vc_column width=&#8221;1\/2&#8243; css=&#8221;.vc_custom_1604307389452{margin-top: 0px !important;margin-right: 0px !important;margin-bottom: 0px !important;margin-left: 0px !important;padding-top: 0px !important;padding-right: 15px !important;padding-bottom: 0px !important;padding-left: 15px !important;}&#8221;][vc_column_text]<\/p>\n<h2 class=\"titular_servei\">PROVEC RACING<\/h2>\n<p>[\/vc_column_text][vc_separator type=&#8221;normal&#8221; up=&#8221;20&#8243; down=&#8221;20&#8243; color=&#8221;#e5e5e5&#8243; thickness=&#8221;1&#8243;][vc_column_text]<\/p>\n<p class=\"p1\" style=\"text-align: justify;\">Tot va comen\u00e7ar un\u00a0 dia del mes de juliol de l&#8217;any 2003 quan els germans Guim i Biel Roda,\u00a0 2 joves aspirants a empresaris de la m\u00e0 del seu pare Alvar Roda,\u00a0 em venen a veure al despatx per si els hi puc donar un cop de m\u00e0 en la gesti\u00f3 fiscal i comptable d&#8217;una petita societat mercantil i poder aix\u00ed organitzar un equip de curses de moto per participar en la categoria SuperSport del mundial de Superbikes on el primer pilot ser\u00e0 el nostre estimat Joan Lascorz.<br \/>\nEls ulls ens brillaven a tots, ho sabiem que surtiria be, i aix\u00ed despr\u00e9s de 17 anys aqu\u00ed estem cel\u00b7lebrant el\u00a0<strong> 6\u00e8 titol mundial<\/strong> consecutiu de la m\u00e0xima categoria de Superbikes.<\/p>\n<p>[\/vc_column_text][vc_empty_space][vc_row_inner row_type=&#8221;row&#8221; type=&#8221;full_width&#8221; text_align=&#8221;left&#8221; css_animation=&#8221;&#8221;][vc_column_inner width=&#8221;1\/2&#8243;][vc_single_image image=&#8221;16737&#8243; img_size=&#8221;532&#215;727&#8243; alignment=&#8221;center&#8221; qode_css_animation=&#8221;&#8221;][vc_empty_space height=&#8221;17px&#8221;][vc_single_image image=&#8221;16775&#8243; img_size=&#8221;532&#215;727&#8243; alignment=&#8221;center&#8221; qode_css_animation=&#8221;&#8221;][\/vc_column_inner][vc_column_inner width=&#8221;1\/2&#8243;][vc_single_image image=&#8221;16128&#8243; img_size=&#8221;532&#215;727&#8243; qode_css_animation=&#8221;&#8221;][\/vc_column_inner][\/vc_row_inner][vc_empty_space][vc_column_text]<\/p>\n<p style=\"text-align: justify;\">La passi\u00f3 i la professionalitat amb un coneixament del sector molt acurat i\u00a0 les ganes d&#8217;aprendre uns dels altres\u00a0 ens han portat a una relaci\u00f3 consolidada establint uns lla\u00e7os\u00a0 de m\u00e0xima confian\u00e7a necess\u00e0ria per continuar creixent junts.<\/p>\n<p style=\"text-align: justify;\"><strong>MAYORAL ASSESSORS <\/strong>\u00a0 fidel al seus valors va confiar en el seu moment amb en Guim i en Biel Roda.<\/p>\n<p>Avui ho volem celebrar de forma conjunta i aix\u00ed els hi agra\u00efm.<\/p>\n<p><span style=\"color: #333333;\"><strong>Xavier Mayoral i Jov\u00e9 <\/strong><\/span><span style=\"color: #37557c;\">| <strong>Soci Director<\/strong><\/span>[\/vc_column_text][vc_empty_space][vc_empty_space][vc_empty_space][vc_column_text]<\/p>\n<h2 style=\"color: #707c7c;\"><em><strong><span style=\"font-size: 1.6em;\">&#8221; Confian\u00e7a mutua !!<\/span><\/strong><\/em><\/h2>\n<p>[\/vc_column_text][vc_column_text][\/vc_column_text][\/vc_column][\/vc_row][vc_row css_animation=&#8221;&#8221; row_type=&#8221;row&#8221; use_row_as_full_screen_section=&#8221;no&#8221; type=&#8221;full_width&#8221; angled_section=&#8221;no&#8221; text_align=&#8221;left&#8221; background_image_as_pattern=&#8221;without_pattern&#8221;][vc_column][vc_empty_space][\/vc_column][\/vc_row]<\/p>\n","protected":false},"excerpt":{"rendered":"<p>[vc_row css_animation=&#8221;&#8221; row_type=&#8221;row&#8221; use_row_as_full_screen_section=&#8221;no&#8221; type=&#8221;full_width&#8221; angled_section=&#8221;no&#8221; text_align=&#8221;left&#8221; background_image_as_pattern=&#8221;without_pattern&#8221; z_index=&#8221;&#8221; side_padding=&#8221;0&#8243; padding_top=&#8221;0&#8243; padding_bottom=&#8221;0&#8243; css=&#8221;.vc_custom_1604307339190{padding-right: 15px !important;padding-left: 15px !important;}&#8221;][vc_column width=&#8221;1\/2&#8243; css=&#8221;.vc_custom_1604307110542{margin-top: 0px !important;margin-right: 0px !important;margin-bottom: 0px !important;margin-left: 0px !important;padding-top: 0px !important;padding-right: 15px !important;padding-bottom: 0px !important;padding-left: 15px !important;}&#8221;][vc_single_image image=&#8221;16412&#8243; img_size=&#8221;792&#215;595&#8243; alignment=&#8221;center&#8221; qode_css_animation=&#8221;&#8221; css=&#8221;.vc_custom_1603819980391{margin-top: 0px !important;margin-right: 0px !important;margin-bottom: 0px&#8230;<\/p>\n","protected":false},"author":2,"featured_media":0,"parent":0,"menu_order":0,"comment_status":"open","ping_status":"closed","template":"","meta":[],"_links":{"self":[{"href":"https:\/\/www.mayoralassessors.es\/ca\/wp-json\/wp\/v2\/pages\/15879\/"}],"collection":[{"href":"https:\/\/www.mayoralassessors.es\/ca\/wp-json\/wp\/v2\/pages\/"}],"about":[{"href":"https:\/\/www.mayoralassessors.es\/ca\/wp-json\/wp\/v2\/types\/page\/"}],"author":[{"embeddable":true,"href":"https:\/\/www.mayoralassessors.es\/ca\/wp-json\/wp\/v2\/users\/2\/"}],"replies":[{"embeddable":true,"href":"https:\/\/www.mayoralassessors.es\/ca\/wp-json\/wp\/v2\/comments\/?post=15879"}],"version-history":[{"count":127,"href":"https:\/\/www.mayoralassessors.es\/ca\/wp-json\/wp\/v2\/pages\/15879\/revisions\/"}],"predecessor-version":[{"id":17286,"href":"https:\/\/www.mayoralassessors.es\/ca\/wp-json\/wp\/v2\/pages\/15879\/revisions\/17286\/"}],"wp:attachment":[{"href":"https:\/\/www.mayoralassessors.es\/ca\/wp-json\/wp\/v2\/media\/?parent=15879"}],"curies":[{"name":"wp","href":"https:\/\/api.w.org\/{rel}","templated":true}]}}