{"id":16808,"date":"2020-11-10T10:43:01","date_gmt":"2020-11-10T08:43:01","guid":{"rendered":"https:\/\/www.mayoralassessors.es\/?page_id=16808"},"modified":"2020-11-10T11:04:45","modified_gmt":"2020-11-10T09:04:45","slug":"avis-legal","status":"publish","type":"page","link":"https:\/\/www.mayoralassessors.es\/ca\/avis-legal\/","title":{"rendered":"Av\u00eds legal"},"content":{"rendered":"<p>[vc_row css_animation=&#8221;&#8221; row_type=&#8221;row&#8221; use_row_as_full_screen_section=&#8221;no&#8221; type=&#8221;full_width&#8221; angled_section=&#8221;no&#8221; text_align=&#8221;left&#8221; background_image_as_pattern=&#8221;without_pattern&#8221; el_class=&#8221;margin_p&#8221; z_index=&#8221;&#8221;][vc_column][vc_column_text]<strong>AV\u00cdS LEGAL<\/strong><\/p>\n<p>El present document t\u00e9 per objecte regular l\u2019\u00fas d\u2019aquest lloc web que MAYORAL ASSESSORS\u00a0 posa a disposici\u00f3 del p\u00fablic a la URL www.mayoralassessors.es<\/p>\n<p>La utilitzaci\u00f3 de la web per part d\u2019un tercer li atribueix la condici\u00f3 d\u2019Usuari i suposa l\u2019acceptaci\u00f3 plena de totes i cadascuna de les condicions que s\u2019incorporen en el present av\u00eds legal.<\/p>\n<p>MAYORAL ASSESSORS\u00a0 es compromet a vetllar per l\u2019exactitud i l\u2019actualitat del contingut del lloc web, incloent-hi a t\u00edtol enunciatiu i segons correspongui, les dades sobre productes, serveis i altres. Sense perjudici de l\u2019assumpci\u00f3 d\u2019aquest comprom\u00eds, MAYORAL ASSESSORS\u00a0 no est\u00e0 en posici\u00f3 d\u2019oferir garantia respecte a l\u2019exactitud de la informaci\u00f3 de qualsevol tipus que es reculli a la web i que per error o per omissi\u00f3 sigui incorrecta o hagi pogut quedar obsoleta. Amb l\u2019objectiu de minimitzar els inconvenients ocasionats per possibles errors es recomana utilitzar-la com a orientativa.<\/p>\n<p><strong>Responsabilitat<\/strong><\/p>\n<p>L\u2019Usuari \u00e9s l\u2019\u00fanic responsable de les infraccions en les quals pugui inc\u00f3rrer o dels perjudicis que pugui causar o causar-se per la utilitzaci\u00f3 de la web, quedant MAYORAL ASSESSORS exonerada de qualsevol classe de responsabilitat que es pugui derivar de les accions de l\u2019Usuari.<\/p>\n<p>MAYORAL ASSESSORS\u00a0 declina qualsevol responsabilitat respecte a la informaci\u00f3 que es trobi fora de la web, ja que la funci\u00f3 dels enlla\u00e7os que hi apareixen \u00e9s solament la d\u2019informar l\u2019Usuari sobre l\u2019exist\u00e8ncia d\u2019altres fonts d\u2019informaci\u00f3 sobre un tema en concret.<\/p>\n<p><strong>Pol\u00edtica de protecci\u00f3 de dades de car\u00e0cter personal<\/strong><\/p>\n<p>Sense perjudici del que est\u00e0 previst en el que s\u2019indica en cadascun dels formularis de la web, quan l\u2019Usuari faciliti les seves dades de car\u00e0cter personal en algun dels formularis de la web, est\u00e0 autoritzant expressament MAYORAL ASSESSORS\u00a0 al tractament automatitzat de les seves dades personals per a les finalitats que s\u2019hi indiquen.<\/p>\n<p>En compliment de la normativa de protecci\u00f3 de dades, l\u2019Usuari pot exercitar els seus drets d\u2019acc\u00e9s, rectificaci\u00f3, oposici\u00f3 o cancel\u00b7laci\u00f3 omplint i enviant el formulari de contacte de la web.[\/vc_column_text][\/vc_column][\/vc_row]<\/p>\n","protected":false},"excerpt":{"rendered":"<p>[vc_row css_animation=&#8221;&#8221; row_type=&#8221;row&#8221; use_row_as_full_screen_section=&#8221;no&#8221; type=&#8221;full_width&#8221; angled_section=&#8221;no&#8221; text_align=&#8221;left&#8221; background_image_as_pattern=&#8221;without_pattern&#8221; el_class=&#8221;margin_p&#8221; z_index=&#8221;&#8221;][vc_column][vc_column_text]AV\u00cdS LEGAL El present document t\u00e9 per objecte regular l\u2019\u00fas d\u2019aquest lloc web que MAYORAL ASSESSORS\u00a0 posa a disposici\u00f3 del p\u00fablic a la URL www.mayoralassessors.es La utilitzaci\u00f3 de la web per part d\u2019un tercer li atribueix&#8230;<\/p>\n","protected":false},"author":4,"featured_media":0,"parent":0,"menu_order":0,"comment_status":"closed","ping_status":"closed","template":"","meta":[],"_links":{"self":[{"href":"https:\/\/www.mayoralassessors.es\/ca\/wp-json\/wp\/v2\/pages\/16808\/"}],"collection":[{"href":"https:\/\/www.mayoralassessors.es\/ca\/wp-json\/wp\/v2\/pages\/"}],"about":[{"href":"https:\/\/www.mayoralassessors.es\/ca\/wp-json\/wp\/v2\/types\/page\/"}],"author":[{"embeddable":true,"href":"https:\/\/www.mayoralassessors.es\/ca\/wp-json\/wp\/v2\/users\/4\/"}],"replies":[{"embeddable":true,"href":"https:\/\/www.mayoralassessors.es\/ca\/wp-json\/wp\/v2\/comments\/?post=16808"}],"version-history":[{"count":12,"href":"https:\/\/www.mayoralassessors.es\/ca\/wp-json\/wp\/v2\/pages\/16808\/revisions\/"}],"predecessor-version":[{"id":16826,"href":"https:\/\/www.mayoralassessors.es\/ca\/wp-json\/wp\/v2\/pages\/16808\/revisions\/16826\/"}],"wp:attachment":[{"href":"https:\/\/www.mayoralassessors.es\/ca\/wp-json\/wp\/v2\/media\/?parent=16808"}],"curies":[{"name":"wp","href":"https:\/\/api.w.org\/{rel}","templated":true}]}}