{"id":16812,"date":"2020-11-10T10:50:08","date_gmt":"2020-11-10T08:50:08","guid":{"rendered":"https:\/\/www.mayoralassessors.es\/?page_id=16812"},"modified":"2020-11-17T13:04:15","modified_gmt":"2020-11-17T11:04:15","slug":"politica-de-cookies","status":"publish","type":"page","link":"https:\/\/www.mayoralassessors.es\/ca\/politica-de-cookies\/","title":{"rendered":"Pol\u00edtica de cookies"},"content":{"rendered":"<p>[vc_row css_animation=&#8221;&#8221; row_type=&#8221;row&#8221; use_row_as_full_screen_section=&#8221;no&#8221; type=&#8221;full_width&#8221; angled_section=&#8221;no&#8221; text_align=&#8221;left&#8221; background_image_as_pattern=&#8221;without_pattern&#8221; el_class=&#8221;margin_p&#8221; z_index=&#8221;&#8221;][vc_column][vc_column_text]<\/p>\n<h2>Informaci\u00f3 de L\u2019\u00daS DE cookies<\/h2>\n<p>&nbsp;<\/p>\n<p><span style=\"color: #000000;\"><strong>Qu\u00e8 s\u00f3n les cookies?<\/strong><\/span><\/p>\n<p><span style=\"color: #000000;\">Les cookies s\u00f3n petits arxius de dades que es reben en el terminal des del lloc web visitat i s&#8217;usen per a registrar certes interaccions de la navegaci\u00f3 en un lloc web emmagatzemant dades que podran ser actualitzats i recuperats. Aquests arxius s&#8217;emmagatzemen en l&#8217;ordinador de l&#8217;usuari i cont\u00e9 dades an\u00f2nimes que no s\u00f3n perjudicials per al seu equip. S&#8217;utilitzen per a recordar les prefer\u00e8ncies de l&#8217;usuari, com l&#8217;idioma seleccionat, dades d&#8217;acc\u00e9s o personalitzaci\u00f3 de la p\u00e0gina.<\/span><\/p>\n<p><span style=\"color: #000000;\">Les Cookies tamb\u00e9 poden ser utilitzades per a registrar informaci\u00f3 an\u00f2nima sobre com un visitant utilitza un lloc. Per exemple, des de quina p\u00e0gina Web ha accedit, o si ha utilitzat un &#8220;b\u00e0ner&#8221; publicitari per a arribar.<\/span><\/p>\n<p><span style=\"color: #000000;\"><strong>Quin \u00fas li donem als diferents tipus de cookies?<\/strong><\/span><\/p>\n<p><strong>Segons la seva finalitat:<\/strong><\/p>\n<table style=\"width: 100%;\">\n<tbody>\n<tr style=\"background-color: #dedede;\">\n<td style=\"text-align: left;\" width=\"325\"><span style=\"color: #000000;\"><strong>Cookies t\u00e8cniques<\/strong><\/span><\/td>\n<td style=\"text-align: left;\" width=\"325\"><span style=\"color: #000000;\">Les cookies t\u00e8cniques s\u00f3n aquelles que faciliten la navegaci\u00f3 de l&#8217;usuari i la utilitzaci\u00f3 de les diferents opcions o serveis que ofereix la web com identificar la sessi\u00f3, permetre l&#8217;acc\u00e9s a determinades \u00e0rees, facilitar comandes, compres, emplenament de formularis, inscripcions, seguretat, facilitar funcionalitats (v\u00eddeos, xarxes socials\u2026).<\/span><\/td>\n<\/tr>\n<tr>\n<td style=\"text-align: left;\" width=\"325\"><span style=\"color: #000000;\"><strong>Cookies de personalitzaci\u00f3<\/strong><\/span><\/td>\n<td style=\"text-align: left;\" width=\"325\"><span style=\"color: #000000;\">Les cookies de personalitzaci\u00f3 permeten a l&#8217;usuari accedir als serveis segons les seves prefer\u00e8ncies (idioma, navegador, configuraci\u00f3\u2026).<\/span><\/p>\n<p><span style=\"color: #000000;\">Las cookies de personalitzaci\u00f3 permeten a l\u2019usuari.<\/span><\/td>\n<\/tr>\n<tr style=\"background-color: #dedede;\">\n<td style=\"text-align: left;\" width=\"325\"><span style=\"color: #000000;\"><strong>\u00a0<\/strong><strong>Cookies anal\u00edtiques<\/strong><\/span><\/td>\n<td style=\"text-align: left;\" width=\"325\"><span style=\"color: #000000;\">Les cookies d&#8217;an\u00e0lisis s\u00f3n les utilitzades per a dur a terme l&#8217;an\u00e0lisi an\u00f2nima del comportament dels usuaris de la web i que permeten mesurar l&#8217;activitat de l&#8217;usuari i elaborar perfils de navegaci\u00f3 amb la fi objectiva de millorar els llocs web.<\/span><\/td>\n<\/tr>\n<tr>\n<td style=\"text-align: left;\" width=\"325\"><span style=\"color: #000000;\"><strong>Cookies publicit\u00e0ries<\/strong><\/span><\/td>\n<td style=\"text-align: left;\" width=\"325\"><span style=\"color: #000000;\">Les cookies publicit\u00e0ries permeten la gesti\u00f3 dels espais publicitaris de la web. A m\u00e9s, aquestes cookies poden ser de publicitat personalitzada i permetre aix\u00ed la gesti\u00f3 dels espais publicitaris de la web sobre la base del comportament i h\u00e0bits de navegaci\u00f3 d&#8217;usuari, d&#8217;on s&#8217;obt\u00e9 el seu perfil i permeten personalitzar la publicitat que es mostra en el navegador de l&#8217;usuari o altres perfils i xarxes socials de l&#8217;usuari.<\/span><\/td>\n<\/tr>\n<\/tbody>\n<\/table>\n<p><strong>\u00a0<\/strong><\/p>\n<p><strong>Segons el seu termini:<\/strong><\/p>\n<table style=\"width: 100%;\">\n<tbody>\n<tr style=\"background-color: #dedede;\">\n<td style=\"vertical-align: middle; text-align: left;\" width=\"325\"><span style=\"color: #000000;\"><strong>Cookies de sessi\u00f3<\/strong><\/span><\/td>\n<td style=\"vertical-align: middle; text-align: left;\" width=\"325\"><span style=\"color: #000000;\">Les cookies de sessi\u00f3 s\u00f3n aquelles que duren el temps que l&#8217;usuari est\u00e0 navegant per la p\u00e0gina Web i s&#8217;esborren en tancar el navegador.<\/span><\/td>\n<\/tr>\n<tr>\n<td style=\"vertical-align: middle; text-align: left;\" width=\"325\"><span style=\"color: #000000;\"><strong>\u00a0<\/strong><strong>Cookies persistents<\/strong><\/span><\/td>\n<td style=\"vertical-align: middle; text-align: left;\" width=\"325\"><span style=\"color: #000000;\">Aquestes cookies queden emmagatzemades en el terminal de l&#8217;usuari fins que s\u00f3n eliminades manualment o hagi concl\u00f2s el per\u00edode de durada establert per a aquesta cookie.<\/span><\/td>\n<\/tr>\n<\/tbody>\n<\/table>\n<p>&nbsp;<\/p>\n<p><strong>Segons la seva titularitat: <\/strong><\/p>\n<table style=\"width: 100%;\">\n<tbody>\n<tr style=\"background-color: #dedede;\">\n<td style=\"vertical-align: middle; text-align: left;\" width=\"325\"><span style=\"color: #000000;\"><strong>\u00a0<\/strong><strong>Cookies pr\u00f2pies <\/strong><\/span><\/td>\n<td style=\"vertical-align: middle; text-align: left;\" width=\"325\"><span style=\"color: #000000;\">Aquelles que s&#8217;envien a l&#8217;equip terminal de l&#8217;usuari des d&#8217;un equip o domini gestionat pel propi editor i des del qual es presta el servei sol\u00b7licitat per l&#8217;usuari.<\/span><\/td>\n<\/tr>\n<tr>\n<td style=\"vertical-align: middle; text-align: left;\" width=\"325\"><span style=\"color: #000000;\"><strong>\u00a0<\/strong><strong>Cookies de tercers<\/strong><\/span><\/td>\n<td style=\"vertical-align: middle; text-align: left;\" width=\"325\"><span style=\"color: #000000;\">Aquelles que s&#8217;envien a l&#8217;equip terminal de l&#8217;usuari des d&#8217;un equip o domini que no \u00e9s gestionat per l&#8217;editor, sin\u00f3 per una altra entitat que tracta les dades obtingudes trav\u00e9s de les cookies.<\/span><\/td>\n<\/tr>\n<\/tbody>\n<\/table>\n<p>&nbsp;<\/p>\n<p><strong>La seg\u00fcent taula recull la classificaci\u00f3 i descripci\u00f3 de les cookies utilitzades en la present p\u00e0gina web perqu\u00e8 puguis identificar-les en el teu navegador:<\/strong><\/p>\n<table style=\"height: 304px; width: 100%;\" width=\"100%\" cellspacing=\"0\">\n<tbody>\n<tr style=\"height: 24px;\">\n<td style=\"background-color: #fff2cc; height: 24px; border: 1px solid #000000; vertical-align: middle;\" width=\"24%\"><span style=\"color: #000000;\"><strong>Nom<\/strong><\/span><\/td>\n<td style=\"background-color: #fff2cc; height: 24px; border: 1px solid #000000; vertical-align: middle;\" width=\"19%\"><span style=\"color: #000000;\"><strong>Titular<\/strong><\/span><\/td>\n<td style=\"background-color: #fff2cc; height: 24px; border: 1px solid #000000; vertical-align: middle;\" width=\"17%\"><span style=\"color: #000000;\"><strong>Dades recaptades<\/strong><\/span><\/td>\n<td style=\"background-color: #fff2cc; height: 24px; border: 1px solid #000000; vertical-align: middle;\" width=\"14%\"><span style=\"color: #000000;\"><strong>Finalitat<\/strong><\/span><\/td>\n<td style=\"background-color: #fff2cc; height: 24px; border: 1px solid #000000; vertical-align: middle;\" width=\"24%\"><span style=\"color: #000000;\"><strong>Duraci\u00f3<\/strong><\/span><\/td>\n<\/tr>\n<tr style=\"height: 24px;\">\n<td style=\"height: 24px; text-align: left; background-color: #dedede; vertical-align: middle; border: 1px solid #000000;\" width=\"24%\"><span style=\"color: #000000;\"><strong>_utma<\/strong><\/span><\/td>\n<td style=\"vertical-align: middle; height: 24px; text-align: left; border: 1px solid #000000;\" width=\"19%\"><span style=\"color: #000000;\">Cookie pr\u00f2pia<\/span><\/td>\n<td style=\"vertical-align: middle; height: 24px; text-align: left; border: 1px solid #000000;\" width=\"17%\"><span style=\"color: #000000;\">Sessions dels visitants.<\/span><\/td>\n<td style=\"vertical-align: middle; height: 24px; text-align: left; border: 1px solid #000000;\" width=\"14%\"><span style=\"color: #000000;\">Anal\u00edtica.<\/span><\/td>\n<td style=\"vertical-align: middle; height: 24px; text-align: left; border: 1px solid #000000;\" width=\"24%\"><span style=\"color: #000000;\">2 anys.<\/span><\/td>\n<\/tr>\n<tr style=\"height: 24px;\">\n<td style=\"height: 24px; text-align: left; background-color: #dedede; vertical-align: middle; border: 1px solid #000000;\" width=\"24%\"><span style=\"color: #000000;\"><strong>_utmc<\/strong><\/span><\/td>\n<td style=\"vertical-align: middle; height: 24px; text-align: left; border: 1px solid #000000;\" width=\"19%\"><span style=\"color: #000000;\">Cookie pr\u00f2pia<\/span><\/td>\n<td style=\"vertical-align: middle; height: 24px; text-align: left; border: 1px solid #000000;\" width=\"17%\"><span style=\"color: #000000;\">Sessions dels visitants.<\/span><\/td>\n<td style=\"vertical-align: middle; height: 24px; text-align: left; border: 1px solid #000000;\" width=\"14%\"><span style=\"color: #000000;\">Anal\u00edtica.<\/span><\/td>\n<td style=\"vertical-align: middle; height: 24px; text-align: left; border: 1px solid #000000;\" width=\"24%\"><span style=\"color: #000000;\">Al finalitzar la sessi\u00f3 amb el navegador.<\/span><\/td>\n<\/tr>\n<tr style=\"height: 24px;\">\n<td style=\"height: 24px; text-align: left; background-color: #dedede; vertical-align: middle; border: 1px solid #000000;\" width=\"24%\"><span style=\"color: #000000;\"><strong>_utmz<\/strong><\/span><\/td>\n<td style=\"vertical-align: middle; height: 24px; text-align: left; border: 1px solid #000000;\" width=\"19%\"><span style=\"color: #000000;\">Cookie pr\u00f2pia<\/span><\/td>\n<td style=\"vertical-align: middle; height: 24px; text-align: left; border: 1px solid #000000;\" width=\"17%\"><span style=\"color: #000000;\">Enlla\u00e7os i conversions.<\/span><\/td>\n<td style=\"vertical-align: middle; height: 24px; text-align: left; border: 1px solid #000000;\" width=\"14%\"><span style=\"color: #000000;\">Anal\u00edtica.<\/span><\/td>\n<td style=\"vertical-align: middle; height: 24px; text-align: left; border: 1px solid #000000;\" width=\"24%\"><span style=\"color: #000000;\">6 mesos.<\/span><\/td>\n<\/tr>\n<tr style=\"height: 24px;\">\n<td style=\"height: 24px; text-align: left; background-color: #dedede; vertical-align: middle; border: 1px solid #000000;\" width=\"24%\"><span style=\"color: #000000;\"><strong>_utmt<\/strong><\/span><\/td>\n<td style=\"vertical-align: middle; height: 24px; text-align: left; border: 1px solid #000000;\" width=\"19%\"><span style=\"color: #000000;\">Cookie pr\u00f2pia<\/span><\/td>\n<td style=\"vertical-align: middle; height: 24px; text-align: left; border: 1px solid #000000;\" width=\"17%\"><span style=\"color: #000000;\">Enlla\u00e7os i conversions.<\/span><\/td>\n<td style=\"vertical-align: middle; height: 24px; text-align: left; border: 1px solid #000000;\" width=\"14%\"><span style=\"color: #000000;\">Anal\u00edtica.<\/span><\/td>\n<td style=\"vertical-align: middle; height: 24px; text-align: left; border: 1px solid #000000;\" width=\"24%\"><span style=\"color: #000000;\">Al finalitzar la sessi\u00f3 amb el navegador.<\/span><\/td>\n<\/tr>\n<tr style=\"height: 24px;\">\n<td style=\"height: 24px; text-align: left; background-color: #dedede; vertical-align: middle; border: 1px solid #000000;\" width=\"24%\"><span style=\"color: #000000;\"><strong>__utmb<\/strong><\/span><\/td>\n<td style=\"vertical-align: middle; height: 24px; text-align: left; border: 1px solid #000000;\" width=\"19%\"><span style=\"color: #000000;\">Cookie pr\u00f2pia<\/span><\/td>\n<td style=\"vertical-align: middle; height: 24px; text-align: left; border: 1px solid #000000;\" width=\"17%\"><span style=\"color: #000000;\">Sessions dels visitants.<\/span><\/td>\n<td style=\"vertical-align: middle; height: 24px; text-align: left; border: 1px solid #000000;\" width=\"14%\"><span style=\"color: #000000;\">Anal\u00edtica.<\/span><\/td>\n<td style=\"vertical-align: middle; height: 24px; text-align: left; border: 1px solid #000000;\" width=\"24%\"><span style=\"color: #000000;\">30 minuts a partir de la configuraci\u00f3 o actualitzaci\u00f3.<\/span><\/td>\n<\/tr>\n<tr style=\"height: 136px;\">\n<td style=\"text-align: left; background-color: #dedede; vertical-align: middle; border: 1px solid #000000;\" width=\"24%\"><span style=\"color: #000000;\"><strong>NID<\/strong><\/span><\/td>\n<td style=\"vertical-align: middle; height: 24px; text-align: left; border: 1px solid #000000;\" width=\"19%\"><span style=\"color: #000000;\">Cookie de tercers<\/span><\/td>\n<td style=\"vertical-align: middle; height: 24px; text-align: left; border: 1px solid #000000;\" width=\"17%\"><span style=\"color: #000000;\">Serveis de Google\/Google Maps. Tracta dades de prefer\u00e8ncies, enlla\u00e7os, conversions i interaccions amb anuncis publicitaris.<\/span><\/td>\n<td style=\"vertical-align: middle; height: 24px; text-align: left; border: 1px solid #000000;\" width=\"14%\"><span style=\"color: #000000;\">Publicit\u00e0ria.<\/span><\/td>\n<td style=\"vertical-align: middle; height: 24px; text-align: left; border: 1px solid #000000;\" width=\"24%\"><span style=\"color: #000000;\">6 mesos.<\/span><\/p>\n<p><span style=\"color: #000000;\">Per a m\u00e9s informaci\u00f3:<\/span><\/p>\n<p><span style=\"color: #000000;\"><a style=\"color: #000000;\" href=\"https:\/\/policies.google.com\/technologies\/cookies\">Pol\u00edtica de Cookies de Google<\/a><\/span><\/td>\n<\/tr>\n<tr style=\"height: 24px;\">\n<td style=\"height: 24px; text-align: left; background-color: #dedede; vertical-align: middle; border: 1px solid #000000;\" width=\"24%\"><span style=\"color: #000000;\"><strong>cookie_notice_accepted<\/strong><\/span><\/td>\n<td style=\"vertical-align: middle; height: 24px; text-align: left; border: 1px solid #000000;\" width=\"19%\"><span style=\"color: #000000;\">Cookie pr\u00f2pia<\/span><\/td>\n<td style=\"vertical-align: middle; height: 24px; text-align: left; border: 1px solid #000000;\" width=\"17%\"><span style=\"color: #000000;\">Utilitzada per a l\u2019acceptaci\u00f3 de cookies.<\/span><\/td>\n<td style=\"vertical-align: middle; height: 24px; text-align: left; border: 1px solid #000000;\" width=\"14%\"><span style=\"color: #000000;\">T\u00e8cnica.<\/span><\/td>\n<td style=\"vertical-align: middle; height: 24px; text-align: left; border: 1px solid #000000;\" width=\"24%\"><span style=\"color: #000000;\">1 mes.<\/span><\/td>\n<\/tr>\n<\/tbody>\n<\/table>\n<p>&nbsp;<\/p>\n<p><span style=\"color: #000000;\"><strong>MAYORAL ASESOR\u00cdA FISCAL, SL <\/strong>utilitza cookies t\u00e8cniques, de personalitzaci\u00f3, an\u00e0lisis i publicit\u00e0ries pr\u00f2pies i de tercers, que tracten dades de connexi\u00f3 i\/o dispositiu, aix\u00ed com h\u00e0bits de navegaci\u00f3 per a finalitats estad\u00edstiques i publicit\u00e0ries.<\/span><\/p>\n<p><span style=\"color: #000000;\">Per aix\u00f2, al accedir a la nostra web, en compliment de l\u2019article 22 de la Llei de Serveis de la Societat de la Informaci\u00f3 li hem sol\u00b7licitat el seu consentiment per al seu \u00fas.<\/span><\/p>\n<p><span style=\"color: #000000;\">El subministrament de dades personals a trav\u00e9s del nostre portal i el consentiment per a l\u2019\u00fas de cookies requereix una edat m\u00ednima de 14 anys i l\u2019acceptaci\u00f3 expressa de la nostra Pol\u00edtica de Privacitat.<\/span><\/p>\n<p><strong>De totes maneres, li informem que pot activar o desactivar les cookies\u00a0 seguint les instruccions del seu navegador d\u2019Internet: <\/strong><\/p>\n<table style=\"width: 100%;\" width=\"100%\">\n<tbody>\n<tr style=\"background-color: #dedede;\">\n<td style=\"width: 17.6845%; vertical-align: middle;\" width=\"120\"><span style=\"color: #000000;\"><strong>Chrome<\/strong><\/span><\/td>\n<td style=\"width: 33.1917%; vertical-align: middle;\" width=\"229\"><span style=\"color: #000000;\">Configuraci\u00f3 \u00e0 Mostrar opcions avan\u00e7ades \u00e0 Privacitat \u00e0 Configuraci\u00f3 de contingut.<\/span><\/td>\n<td style=\"width: 48.5927%; vertical-align: middle;\" width=\"337\"><span style=\"color: #000000;\">support.google.com<\/span><\/td>\n<\/tr>\n<tr>\n<td style=\"width: 17.6845%; vertical-align: middle;\" width=\"120\"><span style=\"color: #000000;\"><strong>\u00a0<\/strong><strong>Firefox<\/strong><\/span><\/td>\n<td style=\"width: 33.1917%; vertical-align: middle;\" width=\"229\"><span style=\"color: #000000;\">Eines\u00e0 Opcions \u00e0 Privacitat \u00e0 Historial \u00e0 Configuraci\u00f3 Personalitzada.<\/span><\/td>\n<td style=\"width: 48.5927%; vertical-align: middle;\" width=\"337\"><span style=\"color: #000000;\">support.mozilla.org<\/span><\/td>\n<\/tr>\n<tr style=\"background-color: #dedede;\">\n<td style=\"width: 17.6845%; vertical-align: middle;\" width=\"120\"><span style=\"color: #000000;\"><strong>Internet Explorer<\/strong><\/span><\/td>\n<td style=\"width: 33.1917%; vertical-align: middle;\" width=\"229\"><span style=\"color: #000000;\">Eines \u00e0 Opcions d\u2019Internet \u00e0 Privacitat \u00e0 Configuraci\u00f3.<\/span><\/td>\n<td style=\"width: 48.5927%; vertical-align: middle;\" width=\"337\"><span style=\"color: #000000;\">windows.microsoft.com<\/span><\/td>\n<\/tr>\n<tr>\n<td style=\"width: 17.6845%; vertical-align: middle;\" width=\"120\"><span style=\"color: #000000;\"><strong>Opera<\/strong><\/span><\/td>\n<td style=\"width: 33.1917%; vertical-align: middle;\" width=\"229\"><span style=\"color: #000000;\">Eines \u00e0 Prefer\u00e8ncies \u00e0 Editar prefer\u00e8ncies \u00e0 Cookies.<\/span><\/td>\n<td style=\"width: 48.5927%; vertical-align: middle;\" width=\"337\"><span style=\"color: #000000;\"><a style=\"color: #000000;\" href=\"http:\/\/www.opera.com\/help\/tutorials\/security\/cookies\/\">http:\/\/www.opera.com\/help\/tutorials\/security\/cookies\/<\/a><\/span><\/td>\n<\/tr>\n<tr style=\"background-color: #dedede;\">\n<td style=\"width: 17.6845%; vertical-align: middle;\" width=\"120\"><span style=\"color: #000000;\"><strong>\u00a0<\/strong><strong>Safari<\/strong><\/span><\/td>\n<td style=\"width: 33.1917%; vertical-align: middle;\" width=\"229\"><span style=\"color: #000000;\">Prefer\u00e8ncies \u00e0 Seguretat.<\/span><\/td>\n<td style=\"width: 48.5927%; vertical-align: middle;\" width=\"337\"><span style=\"color: #000000;\"><a style=\"color: #000000;\" href=\"http:\/\/www.apple.com\">http:\/\/www.apple.com<\/a><\/span><\/td>\n<\/tr>\n<tr>\n<td style=\"width: 17.6845%; vertical-align: middle;\" width=\"120\"><span style=\"color: #000000;\"><strong>Edge<\/strong><\/span><\/td>\n<td style=\"width: 33.1917%; vertical-align: middle;\" width=\"229\"><span style=\"color: #000000;\">Configuraci\u00f3 \u00e0 Veure configuraci\u00f3 avan\u00e7ada \u00e0 Privacitat i serveis \u00e0 Cookies.<\/span><\/td>\n<td style=\"width: 48.5927%; vertical-align: middle;\" width=\"337\"><span style=\"color: #000000;\"><a style=\"color: #000000;\" href=\"https:\/\/privacy.microsoft.com\/es-es\/windows-10-microsoft-edge-and-privacy\">https:\/\/privacy.microsoft.com\/es-es\/windows-10-microsoft-edge-and-privacy<\/a><\/span><\/td>\n<\/tr>\n<\/tbody>\n<\/table>\n<p>[\/vc_column_text][\/vc_column][\/vc_row]<\/p>\n","protected":false},"excerpt":{"rendered":"<p>[vc_row css_animation=&#8221;&#8221; row_type=&#8221;row&#8221; use_row_as_full_screen_section=&#8221;no&#8221; type=&#8221;full_width&#8221; angled_section=&#8221;no&#8221; text_align=&#8221;left&#8221; background_image_as_pattern=&#8221;without_pattern&#8221; el_class=&#8221;margin_p&#8221; z_index=&#8221;&#8221;][vc_column][vc_column_text] Informaci\u00f3 de L\u2019\u00daS DE cookies &nbsp; Qu\u00e8 s\u00f3n les cookies? Les cookies s\u00f3n petits arxius de dades que es reben en el terminal des del lloc web visitat i s&#8217;usen per a registrar certes interaccions&#8230;<\/p>\n","protected":false},"author":4,"featured_media":0,"parent":0,"menu_order":0,"comment_status":"closed","ping_status":"closed","template":"","meta":[],"_links":{"self":[{"href":"https:\/\/www.mayoralassessors.es\/ca\/wp-json\/wp\/v2\/pages\/16812\/"}],"collection":[{"href":"https:\/\/www.mayoralassessors.es\/ca\/wp-json\/wp\/v2\/pages\/"}],"about":[{"href":"https:\/\/www.mayoralassessors.es\/ca\/wp-json\/wp\/v2\/types\/page\/"}],"author":[{"embeddable":true,"href":"https:\/\/www.mayoralassessors.es\/ca\/wp-json\/wp\/v2\/users\/4\/"}],"replies":[{"embeddable":true,"href":"https:\/\/www.mayoralassessors.es\/ca\/wp-json\/wp\/v2\/comments\/?post=16812"}],"version-history":[{"count":16,"href":"https:\/\/www.mayoralassessors.es\/ca\/wp-json\/wp\/v2\/pages\/16812\/revisions\/"}],"predecessor-version":[{"id":16887,"href":"https:\/\/www.mayoralassessors.es\/ca\/wp-json\/wp\/v2\/pages\/16812\/revisions\/16887\/"}],"wp:attachment":[{"href":"https:\/\/www.mayoralassessors.es\/ca\/wp-json\/wp\/v2\/media\/?parent=16812"}],"curies":[{"name":"wp","href":"https:\/\/api.w.org\/{rel}","templated":true}]}}