{"id":16892,"date":"2020-11-23T19:08:32","date_gmt":"2020-11-23T17:08:32","guid":{"rendered":"https:\/\/www.mayoralassessors.es\/?page_id=16892"},"modified":"2020-11-24T19:02:07","modified_gmt":"2020-11-24T17:02:07","slug":"innuva-mayoral","status":"publish","type":"page","link":"https:\/\/www.mayoralassessors.es\/ca\/innuva-mayoral\/","title":{"rendered":"MAYORAL INNUVA"},"content":{"rendered":"<p>[vc_row css_animation=&#8221;&#8221; row_type=&#8221;row&#8221; use_row_as_full_screen_section=&#8221;no&#8221; type=&#8221;full_width&#8221; angled_section=&#8221;no&#8221; text_align=&#8221;left&#8221; background_image_as_pattern=&#8221;without_pattern&#8221;][vc_column][vc_single_image image=&#8221;16895&#8243; img_size=&#8221;full&#8221; alignment=&#8221;center&#8221; qode_css_animation=&#8221;&#8221;][\/vc_column][\/vc_row][vc_row css_animation=&#8221;&#8221; row_type=&#8221;row&#8221; use_row_as_full_screen_section=&#8221;no&#8221; type=&#8221;full_width&#8221; angled_section=&#8221;no&#8221; text_align=&#8221;left&#8221; background_image_as_pattern=&#8221;without_pattern&#8221; padding_top=&#8221;80&#8243; padding_bottom=&#8221;70&#8243; equal_height=&#8221;yes&#8221; css=&#8221;.vc_custom_1606152826092{margin-top: 0px !important;margin-bottom: 0px !important;padding-top: 45px !important;padding-bottom: 65px !important;}&#8221; z_index=&#8221;&#8221;][vc_column css=&#8221;.vc_custom_1606151751370{margin-top: 0px !important;margin-bottom: 0px !important;padding-top: 0px !important;padding-bottom: 0px !important;}&#8221;][vc_column_text css=&#8221;.vc_custom_1606154300478{margin-top: 0px !important;margin-bottom: 0px !important;padding-top: 0px !important;padding-bottom: 0px !important;}&#8221;]<\/p>\n<h2 class=\"titular_servei\">MAYORAL INNUVA<\/h2>\n<p>[\/vc_column_text][\/vc_column][\/vc_row][vc_row css_animation=&#8221;&#8221; row_type=&#8221;row&#8221; use_row_as_full_screen_section=&#8221;no&#8221; type=&#8221;full_width&#8221; angled_section=&#8221;no&#8221; text_align=&#8221;left&#8221; background_image_as_pattern=&#8221;without_pattern&#8221; padding_bottom=&#8221;90&#8243; css=&#8221;.vc_custom_1603451506144{margin-bottom: 50px !important;}&#8221; z_index=&#8221;&#8221; el_class=&#8221;equip&#8221;][vc_column width=&#8221;1\/3&#8243; css=&#8221;.vc_custom_1606153786993{margin-bottom: 50px !important;}&#8221;][vc_single_image image=&#8221;16897&#8243; img_size=&#8221;&#8221; alignment=&#8221;center&#8221; qode_css_animation=&#8221;&#8221;][vc_column_text css=&#8221;.vc_custom_1606153616402{margin-top: 25px !important;margin-bottom: 20px !important;border-top-width: 0px !important;border-right-width: 0px !important;border-bottom-width: 0px !important;border-left-width: 0px !important;border-left-color: #06284b !important;border-left-style: s\u00f2lid !important;border-right-color: #06284b !important;border-right-style: s\u00f2lid !important;border-top-color: #06284b !important;border-top-style: s\u00f2lid !important;border-bottom-color: #06284b !important;border-bottom-style: s\u00f2lid !important;}&#8221;]<\/p>\n<h2 style=\"text-align: center;\"><strong><a style=\"font-size: .8em;\" href=\"#\">COMPTABILITAT ONLINE<\/a><\/strong><\/h2>\n<p>[\/vc_column_text][vc_separator type=&#8221;small&#8221; position=&#8221;center&#8221; width_in_percentages=&#8221;yes&#8221; color=&#8221;#d8d8d8&#8243; width=&#8221;20&#8243; up=&#8221;20px&#8221; down=&#8221;10px&#8221;][vc_column_text css=&#8221;.vc_custom_1606237110413{border-top-width: 0px !important;border-right-width: 0px !important;border-bottom-width: 6px !important;border-left-width: 0px !important;border-left-color: #06284b !important;border-right-color: #06284b !important;border-top-color: #06284b !important;border-bottom-color: #06284b !important;}&#8221;]<\/p>\n<p style=\"text-align: justify;\">La teva comptabilitat\u00a0Cloud, simplificant processos, podr\u00e0s gestionar i controlar tota la teva informaci\u00f3 emetent informes en temps real<\/p>\n<p>[\/vc_column_text][\/vc_column][vc_column width=&#8221;1\/3&#8243; css=&#8221;.vc_custom_1606153792192{margin-bottom: 50px !important;}&#8221;][vc_single_image image=&#8221;16901&#8243; img_size=&#8221;&#8221; alignment=&#8221;center&#8221; qode_css_animation=&#8221;&#8221;][vc_column_text css=&#8221;.vc_custom_1606153239781{margin-top: 25px !important;margin-bottom: 20px !important;border-top-width: 0px !important;border-right-width: 0px !important;border-bottom-width: 0px !important;border-left-width: 0px !important;border-left-color: #06284b !important;border-left-style: s\u00f2lid !important;border-right-color: #06284b !important;border-right-style: s\u00f2lid !important;border-top-color: #06284b !important;border-top-style: s\u00f2lid !important;border-bottom-color: #06284b !important;border-bottom-style: s\u00f2lid !important;}&#8221;]<\/p>\n<h2 style=\"text-align: center;\"><strong><a style=\"font-size: .8em;\" href=\"#\">GESTI\u00d3 DOCUMENTAL<\/a><\/strong><\/h2>\n<p>[\/vc_column_text][vc_separator type=&#8221;small&#8221; position=&#8221;center&#8221; width_in_percentages=&#8221;yes&#8221; color=&#8221;#d8d8d8&#8243; width=&#8221;20&#8243; up=&#8221;20px&#8221; down=&#8221;10px&#8221;][vc_column_text css=&#8221;.vc_custom_1606237185453{border-top-width: 0px !important;border-right-width: 0px !important;border-bottom-width: 6px !important;border-left-width: 0px !important;border-left-color: #06284b !important;border-right-color: #06284b !important;border-top-color: #06284b !important;border-bottom-color: #06284b !important;}&#8221;]<\/p>\n<p style=\"text-align: justify;\">Digitalitzem i posem a la teva disposici\u00f3 la Gesti\u00f3 Documental de la teva empresa amb una simple i intu\u00eftiva APP en qualsevol dispositiu<\/p>\n<p>[\/vc_column_text][\/vc_column][vc_column width=&#8221;1\/3&#8243; css=&#8221;.vc_custom_1606153797957{margin-bottom: 50px !important;}&#8221;][vc_single_image image=&#8221;16905&#8243; img_size=&#8221;&#8221; alignment=&#8221;center&#8221; qode_css_animation=&#8221;&#8221;][vc_column_text css=&#8221;.vc_custom_1606153285233{margin-top: 25px !important;margin-bottom: 20px !important;border-top-width: 0px !important;border-right-width: 0px !important;border-bottom-width: 0px !important;border-left-width: 0px !important;border-left-color: #06284b !important;border-left-style: s\u00f2lid !important;border-right-color: #06284b !important;border-right-style: s\u00f2lid !important;border-top-color: #06284b !important;border-top-style: s\u00f2lid !important;border-bottom-color: #06284b !important;border-bottom-style: s\u00f2lid !important;}&#8221;]<\/p>\n<h2 style=\"text-align: center;\"><strong><a style=\"font-size: .8em;\" href=\"#\">PORTAL DEL TREBALLADOR<\/a><\/strong><\/h2>\n<p>[\/vc_column_text][vc_separator type=&#8221;small&#8221; position=&#8221;center&#8221; width_in_percentages=&#8221;yes&#8221; color=&#8221;#d8d8d8&#8243; width=&#8221;20&#8243; up=&#8221;20px&#8221; down=&#8221;10px&#8221;][vc_column_text css=&#8221;.vc_custom_1606237325707{border-top-width: 0px !important;border-right-width: 0px !important;border-bottom-width: 6px !important;border-left-width: 0px !important;border-left-color: #06284b !important;border-right-color: #06284b !important;border-top-color: #06284b !important;border-bottom-color: #06284b !important;}&#8221;]<\/p>\n<p style=\"text-align: justify;\">Complementa la gesti\u00f3 de les n\u00f2mines amb el qual compartir i intercanviar la documentaci\u00f3 que generem dels nostres clients i els seus empleats<\/p>\n<p>[\/vc_column_text][\/vc_column][\/vc_row]<\/p>\n","protected":false},"excerpt":{"rendered":"<p>[vc_row css_animation=&#8221;&#8221; row_type=&#8221;row&#8221; use_row_as_full_screen_section=&#8221;no&#8221; type=&#8221;full_width&#8221; angled_section=&#8221;no&#8221; text_align=&#8221;left&#8221; background_image_as_pattern=&#8221;without_pattern&#8221;][vc_column][vc_single_image image=&#8221;16895&#8243; img_size=&#8221;full&#8221; alignment=&#8221;center&#8221; qode_css_animation=&#8221;&#8221;][\/vc_column][\/vc_row][vc_row css_animation=&#8221;&#8221; row_type=&#8221;row&#8221; use_row_as_full_screen_section=&#8221;no&#8221; type=&#8221;full_width&#8221; angled_section=&#8221;no&#8221; text_align=&#8221;left&#8221; background_image_as_pattern=&#8221;without_pattern&#8221; padding_top=&#8221;80&#8243; padding_bottom=&#8221;70&#8243; equal_height=&#8221;yes&#8221; css=&#8221;.vc_custom_1606152826092{margin-top: 0px !important;margin-bottom: 0px !important;padding-top: 45px !important;padding-bottom: 65px !important;}&#8221; z_index=&#8221;&#8221;][vc_column css=&#8221;.vc_custom_1606151751370{margin-top: 0px !important;margin-bottom: 0px !important;padding-top: 0px !important;padding-bottom: 0px !important;}&#8221;][vc_column_text css=&#8221;.vc_custom_1606154300478{margin-top: 0px !important;margin-bottom: 0px&#8230;<\/p>\n","protected":false},"author":2,"featured_media":0,"parent":0,"menu_order":0,"comment_status":"open","ping_status":"closed","template":"","meta":[],"_links":{"self":[{"href":"https:\/\/www.mayoralassessors.es\/ca\/wp-json\/wp\/v2\/pages\/16892\/"}],"collection":[{"href":"https:\/\/www.mayoralassessors.es\/ca\/wp-json\/wp\/v2\/pages\/"}],"about":[{"href":"https:\/\/www.mayoralassessors.es\/ca\/wp-json\/wp\/v2\/types\/page\/"}],"author":[{"embeddable":true,"href":"https:\/\/www.mayoralassessors.es\/ca\/wp-json\/wp\/v2\/users\/2\/"}],"replies":[{"embeddable":true,"href":"https:\/\/www.mayoralassessors.es\/ca\/wp-json\/wp\/v2\/comments\/?post=16892"}],"version-history":[{"count":31,"href":"https:\/\/www.mayoralassessors.es\/ca\/wp-json\/wp\/v2\/pages\/16892\/revisions\/"}],"predecessor-version":[{"id":16959,"href":"https:\/\/www.mayoralassessors.es\/ca\/wp-json\/wp\/v2\/pages\/16892\/revisions\/16959\/"}],"wp:attachment":[{"href":"https:\/\/www.mayoralassessors.es\/ca\/wp-json\/wp\/v2\/media\/?parent=16892"}],"curies":[{"name":"wp","href":"https:\/\/api.w.org\/{rel}","templated":true}]}}