{"id":15753,"date":"2020-02-26T19:54:03","date_gmt":"2020-02-26T17:54:03","guid":{"rendered":"https:\/\/www.mayoralassessors.es\/area-fiscal\/"},"modified":"2020-12-18T13:26:34","modified_gmt":"2020-12-18T11:26:34","slug":"area-fiscal","status":"publish","type":"page","link":"https:\/\/www.mayoralassessors.es\/es\/area-fiscal\/","title":{"rendered":"\u00c1rea Fiscal"},"content":{"rendered":"<p>[vc_row css_animation=\u00bb\u00bb row_type=\u00bbrow\u00bb use_row_as_full_screen_section=\u00bbno\u00bb type=\u00bbfull_width\u00bb angled_section=\u00bbno\u00bb text_align=\u00bbleft\u00bb background_image_as_pattern=\u00bbwithout_pattern\u00bb z_index=\u00bb\u00bb side_padding=\u00bb0&#8243; padding_top=\u00bb0&#8243; padding_bottom=\u00bb0&#8243;][vc_column width=\u00bb1\/3&#8243; css=\u00bb.vc_custom_1587487247147{margin: 0px !important;padding: 0px !important;}\u00bb][vc_single_image image=\u00bb15670&#8243; img_size=\u00bb353&#215;243&#8243; alignment=\u00bbcenter\u00bb qode_css_animation=\u00bb\u00bb][vc_empty_space height=\u00bb21px\u00bb el_class=\u00bbespai-imatges\u00bb][vc_single_image image=\u00bb16108&#8243; img_size=\u00bb353&#215;243&#8243; alignment=\u00bbcenter\u00bb qode_css_animation=\u00bb\u00bb][\/vc_column][vc_column width=\u00bb1\/3&#8243; css=\u00bb.vc_custom_1587487257810{margin: 0px !important;padding: 0px !important;}\u00bb][vc_single_image image=\u00bb16143&#8243; img_size=\u00bb355&#215;504&#8243; alignment=\u00bbcenter\u00bb qode_css_animation=\u00bb\u00bb css=\u00bb.vc_custom_1603803656288{margin-top: 0px !important;margin-right: 0px !important;margin-bottom: 0px !important;margin-left: 0px !important;padding-top: 0px !important;padding-right: 0px !important;padding-bottom: 0px !important;padding-left: 0px !important;}\u00bb][\/vc_column][vc_column width=\u00bb1\/3&#8243; css=\u00bb.vc_custom_1587487269230{margin: 0px !important;padding: 0px !important;}\u00bb][vc_single_image image=\u00bb16993&#8243; img_size=\u00bb353&#215;241&#8243; alignment=\u00bbcenter\u00bb qode_css_animation=\u00bb\u00bb][vc_empty_space height=\u00bb21px\u00bb el_class=\u00bbespai-imatges\u00bb][vc_single_image image=\u00bb16104&#8243; img_size=\u00bb353&#215;243&#8243; alignment=\u00bbcenter\u00bb qode_css_animation=\u00bb\u00bb][\/vc_column][\/vc_row][vc_row css_animation=\u00bb\u00bb row_type=\u00bbrow\u00bb use_row_as_full_screen_section=\u00bbno\u00bb type=\u00bbfull_width\u00bb angled_section=\u00bbno\u00bb text_align=\u00bbleft\u00bb background_image_as_pattern=\u00bbwithout_pattern\u00bb padding_top=\u00bb80&#8243; padding_bottom=\u00bb70&#8243; equal_height=\u00bbyes\u00bb][vc_column width=\u00bb1\/2&#8243;][vc_column_text]<\/p>\n<h2 class=\"titular_servei\" style=\"text-align: left;\">\u00c1REA FISCAL<\/h2>\n<h3 style=\"text-align: left;\">La asesor\u00eda y la planificaci\u00f3n fiscal unidas a nuestro servicio de documentaci\u00f3n y jurisprudencia, garantizan a nuestros clientes la reducci\u00f3n de la carga impositiva.<\/h3>\n<p>[\/vc_column_text][vc_separator type=\u00bbnormal\u00bb up=\u00bb20&#8243; down=\u00bb20&#8243; color=\u00bb#e5e5e5&#8243; thickness=\u00bb1&#8243;][vc_column_text]<\/p>\n<h4 style=\"text-align: left;\">Renta \/ Patrimonio, Sociedades, IVA, Operaciones Intracomunitarias, Fiscalidad Financiera, Fiscalidad Internacional, Optimizaci\u00f3n en Joint Venturs, Fiscalidad Contenciosa<\/h4>\n<p>[\/vc_column_text][\/vc_column][vc_column width=\u00bb1\/2&#8243;][vc_column_text]<\/p>\n<p style=\"text-align: left;\">La asesor\u00eda y la planificaci\u00f3n fiscal unidas a nuestro servicio de documentaci\u00f3n y jurisprudencia, garantizan a nuestros clientes la reducci\u00f3n de la carga impositiva, evitan el riesgo de la aplicaci\u00f3n inadecuada de la legislaci\u00f3n actual y cumplen de forma clara con nuestro objetivo principal, la obtenci\u00f3n del ahorro financiero fiscal.<\/p>\n<p style=\"text-align: left;\">Como valor a\u00f1adido ofrecemos la Reorganizaci\u00f3n de empresas y la Auditor\u00eda Fiscal, emitiendo los informes y dict\u00e1menes precisos, que son necesarios para definir las diferentes alternativas, siempre en funci\u00f3n de los objetivos marcados por el Consejo de Administraci\u00f3n de la Compa\u00f1\u00eda.<\/p>\n<p style=\"text-align: left;\">Asesoramos y defendemos a nuestros clientes representando a las empresas y a las personas f\u00edsicas ante las inspecciones de Hacienda.<\/p>\n<p>[\/vc_column_text][\/vc_column][\/vc_row]<\/p>\n","protected":false},"excerpt":{"rendered":"<p>[vc_row css_animation=\u00bb\u00bb row_type=\u00bbrow\u00bb use_row_as_full_screen_section=\u00bbno\u00bb type=\u00bbfull_width\u00bb angled_section=\u00bbno\u00bb text_align=\u00bbleft\u00bb background_image_as_pattern=\u00bbwithout_pattern\u00bb z_index=\u00bb\u00bb side_padding=\u00bb0&#8243; padding_top=\u00bb0&#8243; padding_bottom=\u00bb0&#8243;][vc_column width=\u00bb1\/3&#8243; css=\u00bb.vc_custom_1587487247147{margin: 0px !important;padding: 0px !important;}\u00bb][vc_single_image image=\u00bb15670&#8243; img_size=\u00bb353&#215;243&#8243; alignment=\u00bbcenter\u00bb qode_css_animation=\u00bb\u00bb][vc_empty_space height=\u00bb21px\u00bb el_class=\u00bbespai-imatges\u00bb][vc_single_image image=\u00bb16108&#8243; img_size=\u00bb353&#215;243&#8243; alignment=\u00bbcenter\u00bb qode_css_animation=\u00bb\u00bb][\/vc_column][vc_column width=\u00bb1\/3&#8243; css=\u00bb.vc_custom_1587487257810{margin: 0px !important;padding: 0px !important;}\u00bb][vc_single_image image=\u00bb16143&#8243; img_size=\u00bb355&#215;504&#8243; alignment=\u00bbcenter\u00bb qode_css_animation=\u00bb\u00bb css=\u00bb.vc_custom_1603803656288{margin-top: 0px !important;margin-right: 0px !important;margin-bottom: 0px !important;margin-left:&#8230;<\/p>\n","protected":false},"author":2,"featured_media":0,"parent":0,"menu_order":0,"comment_status":"open","ping_status":"closed","template":"","meta":[],"_links":{"self":[{"href":"https:\/\/www.mayoralassessors.es\/es\/wp-json\/wp\/v2\/pages\/15753\/"}],"collection":[{"href":"https:\/\/www.mayoralassessors.es\/es\/wp-json\/wp\/v2\/pages\/"}],"about":[{"href":"https:\/\/www.mayoralassessors.es\/es\/wp-json\/wp\/v2\/types\/page\/"}],"author":[{"embeddable":true,"href":"https:\/\/www.mayoralassessors.es\/es\/wp-json\/wp\/v2\/users\/2\/"}],"replies":[{"embeddable":true,"href":"https:\/\/www.mayoralassessors.es\/es\/wp-json\/wp\/v2\/comments\/?post=15753"}],"version-history":[{"count":14,"href":"https:\/\/www.mayoralassessors.es\/es\/wp-json\/wp\/v2\/pages\/15753\/revisions\/"}],"predecessor-version":[{"id":17036,"href":"https:\/\/www.mayoralassessors.es\/es\/wp-json\/wp\/v2\/pages\/15753\/revisions\/17036\/"}],"wp:attachment":[{"href":"https:\/\/www.mayoralassessors.es\/es\/wp-json\/wp\/v2\/media\/?parent=15753"}],"curies":[{"name":"wp","href":"https:\/\/api.w.org\/{rel}","templated":true}]}}