{"id":15880,"date":"2020-10-09T09:52:24","date_gmt":"2020-10-09T07:52:24","guid":{"rendered":"https:\/\/www.mayoralassessors.es\/?page_id=15880"},"modified":"2023-07-19T15:01:19","modified_gmt":"2023-07-19T13:01:19","slug":"nuevo-despacho","status":"publish","type":"page","link":"https:\/\/www.mayoralassessors.es\/es\/nuevo-despacho\/","title":{"rendered":"NUEVO DESPACHO"},"content":{"rendered":"<p>[vc_row css_animation=\u00bb\u00bb row_type=\u00bbrow\u00bb use_row_as_full_screen_section=\u00bbno\u00bb type=\u00bbfull_width\u00bb angled_section=\u00bbno\u00bb text_align=\u00bbleft\u00bb background_image_as_pattern=\u00bbwithout_pattern\u00bb z_index=\u00bb\u00bb side_padding=\u00bb0&#8243; padding_top=\u00bb0&#8243; padding_bottom=\u00bb0&#8243;][vc_column width=\u00bb1\/2&#8243; css=\u00bb.vc_custom_1604331066821{margin-top: 0px !important;margin-right: 0px !important;margin-bottom: 0px !important;padding-top: 0px !important;padding-right: 15px !important;padding-bottom: 0px !important;padding-left: 15px !important;}\u00bb][vc_single_image image=\u00bb17202&#8243; img_size=\u00bb797&#215;695&#8243; alignment=\u00bbcenter\u00bb qode_css_animation=\u00bb\u00bb css=\u00bb.vc_custom_1669734273012{margin-top: 0px !important;margin-right: 0px !important;margin-bottom: 0px !important;margin-left: 0px !important;padding-top: 0px !important;padding-right: 0px !important;padding-bottom: 0px !important;padding-left: 0px !important;}\u00bb][vc_empty_space height=\u00bb27px\u00bb el_class=\u00bbespai-imatges\u00bb][vc_column_text]<\/p>\n<h2 class=\"titular_servei\"><span style=\"font-size: 14pt;\">MAYORAL INNUVA<\/span><\/h2>\n<p>[\/vc_column_text][vc_separator type=\u00bbnormal\u00bb up=\u00bb20&#8243; down=\u00bb20&#8243; color=\u00bb#e5e5e5&#8243; thickness=\u00bb1&#8243;][vc_column_text]<\/p>\n<p style=\"text-align: justify;\">Uno de los principales motivos del traslado del domicilio social de <strong>MAYORAL ASSESSORS<\/strong>\u00a0 ha sido tecnol\u00f3gico, pensando\u00a0 y enfocado en nuestros clientes.<\/p>\n<p style=\"text-align: justify;\">En nuestro nuevo despacho profesional la tecnolog\u00eda Cloud est\u00e1 presente donde las aplicaciones que utilizamos con toda la informaci\u00f3n privada y confidencial est\u00e1n disponibles las 24 horas del d\u00eda, incluida la contabilidad, las hojas de salario, contratos, autoliquidaciones tributarias as\u00ed como toda la gesti\u00f3n documental que disponemos.<\/p>\n<p>[\/vc_column_text][vc_empty_space height=\u00bb27px\u00bb el_class=\u00bbespai-imatges\u00bb][vc_row_inner row_type=\u00bbrow\u00bb type=\u00bbfull_width\u00bb text_align=\u00bbleft\u00bb css_animation=\u00bb\u00bb][vc_column_inner width=\u00bb1\/2&#8243;][vc_single_image image=\u00bb17235&#8243; img_size=\u00bb318&#215;238&#8243; alignment=\u00bbcenter\u00bb qode_css_animation=\u00bb\u00bb][\/vc_column_inner][vc_column_inner width=\u00bb1\/2&#8243;][\/vc_column_inner][\/vc_row_inner][vc_empty_space height=\u00bb27px\u00bb el_class=\u00bbespai-imatges\u00bb][vc_column_text]<\/p>\n<h2 style=\"color: #707c7c;\"><span style=\"font-size: 14pt;\"><em><strong>A DISPOSICI\u00d3N DE NUESTROS CLIENTES<\/strong><\/em><\/span><\/h2>\n<p>[\/vc_column_text][vc_empty_space height=\u00bb27px\u00bb el_class=\u00bbespai-imatges\u00bb][vc_column_text]<\/p>\n<p style=\"text-align: justify;\"><strong>WOLTERS KLUWER &#8211; A3 SOFTWARE\u00a0 <\/strong>y <strong>MAYORAL\u00a0 ASSESSORS<\/strong>\u00a0 han firmado un acuerdo de colaboraci\u00f3n junto con\u00a0 <strong>ADARAL<\/strong> para la implementaci\u00f3n y gesti\u00f3n del back office empresarial a nivel fiscal, laboral y contable adem\u00e1s de la herramienta de Gesti\u00f3n Documental.<\/p>\n<p>[\/vc_column_text][\/vc_column][vc_column width=\u00bb1\/2&#8243; css=\u00bb.vc_custom_1604331080809{margin-top: 0px !important;margin-bottom: 0px !important;margin-left: 0px !important;padding-top: 0px !important;padding-right: 15px !important;padding-bottom: 0px !important;padding-left: 15px !important;}\u00bb][vc_column_text]<\/p>\n<h2 class=\"titular_servei\"><span style=\"font-size: 14pt;\"><strong>MAYORAL\u00a0 ADARAL<\/strong><\/span><\/h2>\n<p>[\/vc_column_text][vc_separator type=\u00bbnormal\u00bb up=\u00bb20&#8243; down=\u00bb20&#8243; color=\u00bb#e5e5e5&#8243; thickness=\u00bb1&#8243;][vc_column_text]<\/p>\n<p style=\"text-align: justify;\">Hace tiempo que insistimos en la experiencia que la llevanza de la contabilidad es un proceso automatizado de lectura de datos que provienen de los documentos mercantiles habituales, como albaranes, tickets, facturas expedidas, recibidas utilizando la inteligencia artificial sin margen de error num\u00e9rico alguno.<\/p>\n<p>Quieres disfrutar de dicha experiencia?<\/p>\n<p>Ven y compru\u00e9balo, estaremos encantados de disfrutar de tus aportaciones.[\/vc_column_text][vc_empty_space height=\u00bb27px\u00bb el_class=\u00bbespai-imatges\u00bb][vc_row_inner row_type=\u00bbrow\u00bb type=\u00bbfull_width\u00bb text_align=\u00bbleft\u00bb css_animation=\u00bb\u00bb][vc_column_inner width=\u00bb1\/2&#8243;][vc_single_image image=\u00bb16736&#8243; img_size=\u00bb532&#215;727&#8243; alignment=\u00bbcenter\u00bb qode_css_animation=\u00bb\u00bb][vc_empty_space height=\u00bb17px\u00bb el_class=\u00bbespai-imatges\u00bb][vc_single_image image=\u00bb17233&#8243; img_size=\u00bb532&#215;727&#8243; alignment=\u00bbcenter\u00bb qode_css_animation=\u00bb\u00bb][\/vc_column_inner][vc_column_inner width=\u00bb1\/2&#8243;][vc_single_image image=\u00bb17245&#8243; img_size=\u00bb532&#215;727&#8243; qode_css_animation=\u00bb\u00bb][\/vc_column_inner][\/vc_row_inner][vc_empty_space height=\u00bb27px\u00bb el_class=\u00bbespai-imatges\u00bb][vc_column_text]<\/p>\n<p style=\"text-align: justify;\">La pasi\u00f3n, la profesionalidad, el conocimiento del sector, una mentalidad abierta\u00a0 y las ganas de aprender unos de otros nos han llevado a una relaci\u00f3n consolidada estableciendo co todos nuestros clientes unos lazos\u00a0 de m\u00e1xima confianza necesaria para continuar creciendo juntos.<\/p>\n<p style=\"text-align: justify;\"><strong>MAYORAL ASSESSORS\u00a0<\/strong> \u00a0fiel a sus\u00a0 valores lo quiere celebrar compartiendo juntos la experiencia en el nuevo despacho.<\/p>\n<p>&nbsp;<\/p>\n<p style=\"text-align: justify;\"><span style=\"color: #003300;\"><span style=\"color: #000000;\"><strong>Xavier Mayoral i Jov\u00e9<\/strong><\/span>\u00a0<\/span><span style=\"color: #37557c;\">| <strong>Socio Director<\/strong><\/span><\/p>\n<p>[\/vc_column_text][vc_empty_space height=\u00bb27px\u00bb el_class=\u00bbespai-imatges\u00bb][vc_empty_space height=\u00bb27px\u00bb el_class=\u00bbespai-imatges\u00bb][vc_empty_space height=\u00bb27px\u00bb el_class=\u00bbespai-imatges\u00bb][vc_column_text][\/vc_column_text][\/vc_column][\/vc_row][vc_row css_animation=\u00bb\u00bb row_type=\u00bbrow\u00bb use_row_as_full_screen_section=\u00bbno\u00bb type=\u00bbfull_width\u00bb angled_section=\u00bbno\u00bb text_align=\u00bbleft\u00bb background_image_as_pattern=\u00bbwithout_pattern\u00bb padding_top=\u00bb80&#8243; padding_bottom=\u00bb70&#8243; equal_height=\u00bbyes\u00bb][vc_column][vc_empty_space][\/vc_column][\/vc_row]<\/p>\n","protected":false},"excerpt":{"rendered":"<p>[vc_row css_animation=\u00bb\u00bb row_type=\u00bbrow\u00bb use_row_as_full_screen_section=\u00bbno\u00bb type=\u00bbfull_width\u00bb angled_section=\u00bbno\u00bb text_align=\u00bbleft\u00bb background_image_as_pattern=\u00bbwithout_pattern\u00bb z_index=\u00bb\u00bb side_padding=\u00bb0&#8243; padding_top=\u00bb0&#8243; padding_bottom=\u00bb0&#8243;][vc_column width=\u00bb1\/2&#8243; css=\u00bb.vc_custom_1604331066821{margin-top: 0px !important;margin-right: 0px !important;margin-bottom: 0px !important;padding-top: 0px !important;padding-right: 15px !important;padding-bottom: 0px !important;padding-left: 15px !important;}\u00bb][vc_single_image image=\u00bb17202&#8243; img_size=\u00bb797&#215;695&#8243; alignment=\u00bbcenter\u00bb qode_css_animation=\u00bb\u00bb css=\u00bb.vc_custom_1669734273012{margin-top: 0px !important;margin-right: 0px !important;margin-bottom: 0px !important;margin-left: 0px !important;padding-top: 0px !important;padding-right: 0px !important;padding-bottom:&#8230;<\/p>\n","protected":false},"author":2,"featured_media":0,"parent":0,"menu_order":0,"comment_status":"open","ping_status":"closed","template":"","meta":[],"_links":{"self":[{"href":"https:\/\/www.mayoralassessors.es\/es\/wp-json\/wp\/v2\/pages\/15880\/"}],"collection":[{"href":"https:\/\/www.mayoralassessors.es\/es\/wp-json\/wp\/v2\/pages\/"}],"about":[{"href":"https:\/\/www.mayoralassessors.es\/es\/wp-json\/wp\/v2\/types\/page\/"}],"author":[{"embeddable":true,"href":"https:\/\/www.mayoralassessors.es\/es\/wp-json\/wp\/v2\/users\/2\/"}],"replies":[{"embeddable":true,"href":"https:\/\/www.mayoralassessors.es\/es\/wp-json\/wp\/v2\/comments\/?post=15880"}],"version-history":[{"count":173,"href":"https:\/\/www.mayoralassessors.es\/es\/wp-json\/wp\/v2\/pages\/15880\/revisions\/"}],"predecessor-version":[{"id":17285,"href":"https:\/\/www.mayoralassessors.es\/es\/wp-json\/wp\/v2\/pages\/15880\/revisions\/17285\/"}],"wp:attachment":[{"href":"https:\/\/www.mayoralassessors.es\/es\/wp-json\/wp\/v2\/media\/?parent=15880"}],"curies":[{"name":"wp","href":"https:\/\/api.w.org\/{rel}","templated":true}]}}