{"id":16810,"date":"2020-11-10T10:47:21","date_gmt":"2020-11-10T08:47:21","guid":{"rendered":"https:\/\/www.mayoralassessors.es\/?page_id=16810"},"modified":"2020-11-10T11:09:40","modified_gmt":"2020-11-10T09:09:40","slug":"aviso-legal","status":"publish","type":"page","link":"https:\/\/www.mayoralassessors.es\/es\/aviso-legal\/","title":{"rendered":"AVISO LEGAL"},"content":{"rendered":"<p>[vc_row css_animation=\u00bb\u00bb row_type=\u00bbrow\u00bb use_row_as_full_screen_section=\u00bbno\u00bb type=\u00bbfull_width\u00bb angled_section=\u00bbno\u00bb text_align=\u00bbleft\u00bb background_image_as_pattern=\u00bbwithout_pattern\u00bb el_class=\u00bbmargin_p\u00bb z_index=\u00bb\u00bb][vc_column][vc_column_text]<strong>AVISO LEGAL<\/strong><\/p>\n<p>El presente documento tiene por objeto regular el uso de este sitio web que MAYORAL ASSESSORS \u00a0pone a disposici\u00f3n del p\u00fablico en la URL www.mayoralassessors.es<\/p>\n<p>La utilizaci\u00f3n de la web por un tercero le atribuye la condici\u00f3n de Usuario y supone la aceptaci\u00f3n plena de todas y cada una de las condiciones que se incorporan en el presente aviso legal.<\/p>\n<p>MAYORAL ASSESSORS \u00a0se compromete a velar por la exactitud y la actualidad del contenido del sitio web, incluyendo a t\u00edtulo enunciativo y seg\u00fan corresponda, los datos sobre los productos, servicios y otros. Sin perjuicio de la asunci\u00f3n de este compromiso, MAYORAL ASSESSORS no est\u00e1 en posici\u00f3n de ofrecer garant\u00eda respecto a la exactitud de la informaci\u00f3n de cualquier tipo recogida en la web y que por error u omisi\u00f3n sea incorrecta o haya podido quedar obsoleta. Con el objetivo de minimizar los inconvenientes ocasionados por posibles errores se recomienda la utilizaci\u00f3n de estos como orientativos.<\/p>\n<p><strong>Responsabilidad<\/strong><\/p>\n<p>El Usuario es el \u00fanico responsable de las infracciones en las que pueda incurrir o de los perjuicios que pueda causar o causarse por la utilizaci\u00f3n de la web, quedando MAYORAL ASSESSORS\u00a0 exonerado de cualquier clase de responsabilidad que se pudiera derivar por las acciones del Usuario.<\/p>\n<p>MAYORAL ASSESSORS declina toda responsabilidad respecto a la informaci\u00f3n que se halle fuera del web, ya que la funci\u00f3n de los enlaces que aparecen es \u00fanicamente la de informar al Usuario sobre la existencia de otras fuentes de informaci\u00f3n sobre un tema en concreto.<\/p>\n<p><strong>Pol\u00edtica de protecci\u00f3n de datos de car\u00e1cter personal<\/strong><\/p>\n<p>Sin perjuicio de lo previsto en lo indicado a la hora de hacer reservas en \u00a0la web, cuando el Usuario facilite sus datos de car\u00e1cter personal con la finalidad de realizar una reserva, est\u00e1 autorizando expresamente a MAYORAL ASSESSORS \u00a0al tratamiento automatizado de sus datos personales para las finalidades que en los mismos se indiquen.<\/p>\n<p>En cumplimiento de la normativa de protecci\u00f3n de datos, el Usuario puede ejercitar sus derechos de acceso, rectificaci\u00f3n, oposici\u00f3n o cancelaci\u00f3n.[\/vc_column_text][\/vc_column][\/vc_row]<\/p>\n","protected":false},"excerpt":{"rendered":"<p>[vc_row css_animation=\u00bb\u00bb row_type=\u00bbrow\u00bb use_row_as_full_screen_section=\u00bbno\u00bb type=\u00bbfull_width\u00bb angled_section=\u00bbno\u00bb text_align=\u00bbleft\u00bb background_image_as_pattern=\u00bbwithout_pattern\u00bb el_class=\u00bbmargin_p\u00bb z_index=\u00bb\u00bb][vc_column][vc_column_text]AVISO LEGAL El presente documento tiene por objeto regular el uso de este sitio web que MAYORAL ASSESSORS \u00a0pone a disposici\u00f3n del p\u00fablico en la URL www.mayoralassessors.es La utilizaci\u00f3n de la web por un tercero le&#8230;<\/p>\n","protected":false},"author":4,"featured_media":0,"parent":0,"menu_order":0,"comment_status":"closed","ping_status":"closed","template":"","meta":[],"_links":{"self":[{"href":"https:\/\/www.mayoralassessors.es\/es\/wp-json\/wp\/v2\/pages\/16810\/"}],"collection":[{"href":"https:\/\/www.mayoralassessors.es\/es\/wp-json\/wp\/v2\/pages\/"}],"about":[{"href":"https:\/\/www.mayoralassessors.es\/es\/wp-json\/wp\/v2\/types\/page\/"}],"author":[{"embeddable":true,"href":"https:\/\/www.mayoralassessors.es\/es\/wp-json\/wp\/v2\/users\/4\/"}],"replies":[{"embeddable":true,"href":"https:\/\/www.mayoralassessors.es\/es\/wp-json\/wp\/v2\/comments\/?post=16810"}],"version-history":[{"count":2,"href":"https:\/\/www.mayoralassessors.es\/es\/wp-json\/wp\/v2\/pages\/16810\/revisions\/"}],"predecessor-version":[{"id":16827,"href":"https:\/\/www.mayoralassessors.es\/es\/wp-json\/wp\/v2\/pages\/16810\/revisions\/16827\/"}],"wp:attachment":[{"href":"https:\/\/www.mayoralassessors.es\/es\/wp-json\/wp\/v2\/media\/?parent=16810"}],"curies":[{"name":"wp","href":"https:\/\/api.w.org\/{rel}","templated":true}]}}