{"id":16814,"date":"2020-11-10T10:50:46","date_gmt":"2020-11-10T08:50:46","guid":{"rendered":"https:\/\/www.mayoralassessors.es\/?page_id=16814"},"modified":"2020-11-17T12:39:59","modified_gmt":"2020-11-17T10:39:59","slug":"politica-de-cookies","status":"publish","type":"page","link":"https:\/\/www.mayoralassessors.es\/es\/politica-de-cookies\/","title":{"rendered":"Pol\u00edtica de cookies"},"content":{"rendered":"<p>[vc_row css_animation=\u00bb\u00bb row_type=\u00bbrow\u00bb use_row_as_full_screen_section=\u00bbno\u00bb type=\u00bbfull_width\u00bb angled_section=\u00bbno\u00bb text_align=\u00bbleft\u00bb background_image_as_pattern=\u00bbwithout_pattern\u00bb el_class=\u00bbmargin_p\u00bb z_index=\u00bb\u00bb][vc_column][vc_column_text]<\/p>\n<h2>Informaci\u00f3n del uso de cookies<\/h2>\n<p>&nbsp;<\/p>\n<p><span style=\"color: #000000;\"><strong>\u00bfQu\u00e9 son las cookies? <\/strong><\/span><\/p>\n<p><span style=\"color: #000000;\">Las cookies son peque\u00f1os archivos de datos que se reciben en el terminal desde el sitio Web visitado y se usan para registrar ciertas interacciones de la navegaci\u00f3n en un sitio Web almacenando datos que podr\u00e1n ser actualizados y recuperados. Estos archivos se almacenan en el ordenador del usuario y contiene datos an\u00f3nimos que no son perjudiciales para su equipo. Se utilizan para recordar las preferencias del usuario, como el idioma seleccionado, datos de acceso o personalizaci\u00f3n de la p\u00e1gina.<\/span><\/p>\n<p><span style=\"color: #000000;\">Las Cookies tambi\u00e9n pueden ser utilizadas para registrar informaci\u00f3n an\u00f3nima acerca de c\u00f3mo un visitante utiliza un sitio. Por ejemplo, desde qu\u00e9 p\u00e1gina Web ha accedido, o si ha utilizado un \u00abbanner\u00bb publicitario para llegar.<\/span><\/p>\n<p><span style=\"color: #000000;\"><strong>\u00bfQu\u00e9 uso le damos a los diferentes tipos de cookies?<\/strong><\/span><\/p>\n<p><strong>Seg\u00fan su finalidad:<\/strong><\/p>\n<table class=\" aligncenter\" style=\"width: 100%;\" cellspacing=\"0\" cellpadding=\"40\">\n<tbody>\n<tr style=\"background-color: #dedede;\">\n<td style=\"width: 912.4px; vertical-align: middle; text-align: left;\"><span style=\"color: #000000;\"><strong>Cookies t\u00e9cnicas<\/strong><\/span><\/td>\n<td style=\"width: 932.1px; text-align: left;\"><span style=\"color: #000000;\">Las cookies t\u00e9cnicas son aquellas facilitan la navegaci\u00f3n del usuario y la utilizaci\u00f3n de las diferentes opciones o servicios que ofrece la web como identificar la sesi\u00f3n, permitir el acceso a determinadas \u00e1reas, facilitar pedidos, compras, cumplimentaci\u00f3n de formularios, inscripciones, seguridad, facilitar funcionalidades (videos, redes sociales\u2026).<\/span><\/td>\n<\/tr>\n<tr>\n<td style=\"width: 912.4px; vertical-align: middle; text-align: left;\"><span style=\"color: #000000;\"><strong>Cookies de personalizaci\u00f3n<\/strong><\/span><\/td>\n<td style=\"width: 932.1px; text-align: left;\"><span style=\"color: #000000;\">Las cookies de personalizaci\u00f3n permiten al usuario acceder a los servicios seg\u00fan sus preferencias (idioma, navegador, configuraci\u00f3n\u2026).<\/span><\/td>\n<\/tr>\n<tr style=\"background-color: #dedede;\">\n<td style=\"width: 912.4px; vertical-align: middle; text-align: left;\"><span style=\"color: #000000;\"><strong>Cookies anal\u00edticas<\/strong><\/span><\/td>\n<td style=\"width: 932.1px; text-align: left;\"><span style=\"color: #000000;\">Las cookies de an\u00e1lisis son las utilizadas para llevar a cabo el an\u00e1lisis an\u00f3nimo del comportamiento de los usuarios de la web y que permiten medir la actividad del usuario y elaborar perfiles de navegaci\u00f3n con el fin objetivo de mejorar los sitios web.<\/span><\/td>\n<\/tr>\n<tr>\n<td style=\"width: 912.4px; vertical-align: middle; text-align: left;\"><span style=\"color: #000000;\"><strong>Cookies publicitarias<\/strong><\/span><\/td>\n<td style=\"width: 932.1px; text-align: left;\"><span style=\"color: #000000;\">Las cookies publicitarias permiten la gesti\u00f3n de los espacios publicitarios de la web. Adem\u00e1s, estas cookies pueden ser de publicidad personalizada y permitir as\u00ed la gesti\u00f3n de los espacios publicitarios de la web en base al comportamiento y h\u00e1bitos de navegaci\u00f3n de usuario, de donde se obtiene su perfil y permiten personalizar la publicidad que se muestra en el navegador del usuario u otros perfiles y redes sociales del usuario.<\/span><\/td>\n<\/tr>\n<\/tbody>\n<\/table>\n<p>&nbsp;<\/p>\n<p><strong>Seg\u00fan su plazo<\/strong><\/p>\n<table style=\"width: 100%;\" cellpadding=\"10\">\n<tbody>\n<tr style=\"background-color: #dedede;\">\n<td style=\"width: 49.4689%; vertical-align: middle; text-align: left;\" width=\"325\"><span style=\"color: #000000;\"><strong>Cookies de sesi\u00f3n<\/strong><\/span><\/td>\n<td style=\"width: 235.357%; vertical-align: middle; text-align: left;\" width=\"325\"><span style=\"color: #000000;\">Las cookies de sesi\u00f3n son aquellas que duran el tiempo que el usuario est\u00e1 navegando por la p\u00e1gina Web y se borran al cerrar el navegador.<\/span><\/td>\n<\/tr>\n<tr>\n<td style=\"width: 49.4689%; vertical-align: middle; text-align: left;\" width=\"325\"><span style=\"color: #000000;\"><strong>Cookies persistentes<\/strong><\/span><\/td>\n<td style=\"width: 235.357%; vertical-align: middle; text-align: left;\" width=\"325\"><span style=\"color: #000000;\">Estas cookies quedan almacenadas en el terminal del usuario hasta que son eliminadas manualmente o haya concluido el periodo de duraci\u00f3n establecido para dicha cookie.<\/span><\/td>\n<\/tr>\n<\/tbody>\n<\/table>\n<p>&nbsp;<\/p>\n<p><strong>Seg\u00fan su titularidad:<\/strong><\/p>\n<table style=\"width: 100%;\" cellpadding=\"10\">\n<tbody>\n<tr style=\"background-color: #dedede;\">\n<td style=\"width: 49.3172%; vertical-align: middle; text-align: left;\" width=\"325\"><span style=\"color: #000000;\"><strong>Cookies propias<\/strong><\/span><\/td>\n<td style=\"width: 235.508%; vertical-align: middle; text-align: left;\" width=\"325\"><span style=\"color: #000000;\">Aqu\u00e9llas que se env\u00edan al equipo terminal del usuario desde un equipo o dominio gestionado por el propio editor y desde el que se presta el servicio solicitado por el usuario.<\/span><\/td>\n<\/tr>\n<tr>\n<td style=\"width: 49.3172%; vertical-align: middle; text-align: left;\" width=\"325\"><span style=\"color: #000000;\"><strong>Cookies de terceros<\/strong><\/span><\/td>\n<td style=\"width: 235.508%; vertical-align: middle; text-align: left;\" width=\"325\"><span style=\"color: #000000;\">Aqu\u00e9llas que se env\u00edan al equipo terminal del usuario desde un equipo o dominio que no es gestionado por el editor, sino por otra entidad que trata los datos obtenidos trav\u00e9s de las cookies.<\/span><\/td>\n<\/tr>\n<\/tbody>\n<\/table>\n<p>&nbsp;<\/p>\n<p><strong>La siguiente tabla recoge la clasificaci\u00f3n y descripci\u00f3n de las cookies utilizadas en la presente p\u00e1gina web para que puedas identificarlas en tu navegador:<\/strong><\/p>\n<table style=\"width: 100%;\" width=\"100%\" cellspacing=\"0\" cellpadding=\"20\">\n<tbody>\n<tr style=\"background-color: #fff2cc;\">\n<td style=\"vertical-align: middle; border: 1px solid #000000;\" width=\"27%\"><span style=\"color: #000000;\"><strong>Nombre<\/strong><\/span><\/td>\n<td style=\"vertical-align: middle; border: 1px solid #000000;\" width=\"21%\"><span style=\"color: #000000;\"><strong>Titular<\/strong><\/span><\/td>\n<td style=\"vertical-align: middle; border: 1px solid #000000;\" width=\"16%\"><span style=\"color: #000000;\"><strong>Datos recabados<\/strong><\/span><\/td>\n<td style=\"vertical-align: middle; border: 1px solid #000000;\" width=\"13%\"><span style=\"color: #000000;\"><strong>Finalidad<\/strong><\/span><\/td>\n<td style=\"vertical-align: middle; border: 1px solid #000000;\" width=\"21%\"><span style=\"color: #000000;\"><strong>Duraci\u00f3n<\/strong><\/span><\/td>\n<\/tr>\n<tr>\n<td style=\"background-color: #dedede; vertical-align: middle; border: 1px solid #000000;\" width=\"27%\"><span style=\"color: #000000;\"><strong>_utma<\/strong><\/span><\/td>\n<td style=\"vertical-align: middle; border: 1px solid #000000;\" width=\"21%\"><span style=\"color: #000000;\">Cookie propia<\/span><\/td>\n<td style=\"vertical-align: middle; border: 1px solid #000000;\" width=\"16%\"><span style=\"color: #000000;\">Sesiones de los visitantes.<\/span><\/td>\n<td style=\"vertical-align: middle; border: 1px solid #000000;\" width=\"13%\"><span style=\"color: #000000;\">Anal\u00edtica.<\/span><\/td>\n<td style=\"vertical-align: middle; border: 1px solid #000000;\" width=\"21%\"><span style=\"color: #000000;\">2 a\u00f1os.<\/span><\/td>\n<\/tr>\n<tr>\n<td style=\"background-color: #dedede; vertical-align: middle; border: 1px solid #000000;\" width=\"27%\"><span style=\"color: #000000;\"><strong>_utmc<\/strong><\/span><\/td>\n<td style=\"vertical-align: middle; border: 1px solid #000000;\" width=\"21%\"><span style=\"color: #000000;\">Cookie propia<\/span><\/td>\n<td style=\"vertical-align: middle; border: 1px solid #000000;\" width=\"16%\"><span style=\"color: #000000;\">Sesiones de los visitantes.<\/span><\/td>\n<td style=\"vertical-align: middle; border: 1px solid #000000;\" width=\"13%\"><span style=\"color: #000000;\">Anal\u00edtica.<\/span><\/td>\n<td style=\"vertical-align: middle; border: 1px solid #000000;\" width=\"21%\"><span style=\"color: #000000;\">Al finalizar la sesi\u00f3n con el navegador.<\/span><\/td>\n<\/tr>\n<tr>\n<td style=\"background-color: #dedede; vertical-align: middle; border: 1px solid #000000;\" width=\"27%\"><span style=\"color: #000000;\"><strong>_utmz<\/strong><\/span><\/td>\n<td style=\"vertical-align: middle; border: 1px solid #000000;\" width=\"21%\"><span style=\"color: #000000;\">Cookie propia<\/span><\/td>\n<td style=\"vertical-align: middle; border: 1px solid #000000;\" width=\"16%\"><span style=\"color: #000000;\">Enlaces y conversiones.<\/span><\/td>\n<td style=\"vertical-align: middle; border: 1px solid #000000;\" width=\"13%\"><span style=\"color: #000000;\">Anal\u00edtica.<\/span><\/td>\n<td style=\"vertical-align: middle; border: 1px solid #000000;\" width=\"21%\"><span style=\"color: #000000;\">6 meses.<\/span><\/td>\n<\/tr>\n<tr>\n<td style=\"background-color: #dedede; vertical-align: middle; border: 1px solid #000000;\" width=\"27%\"><span style=\"color: #000000;\"><strong>_utmt<\/strong><\/span><\/td>\n<td style=\"vertical-align: middle; border: 1px solid #000000;\" width=\"21%\"><span style=\"color: #000000;\">Cookie propia<\/span><\/td>\n<td style=\"vertical-align: middle; border: 1px solid #000000;\" width=\"16%\"><span style=\"color: #000000;\">Enlaces y conversiones.<\/span><\/td>\n<td style=\"vertical-align: middle; border: 1px solid #000000;\" width=\"13%\"><span style=\"color: #000000;\">Anal\u00edtica.<\/span><\/td>\n<td style=\"vertical-align: middle; border: 1px solid #000000;\" width=\"21%\"><span style=\"color: #000000;\">Al finalizar la sesi\u00f3n con el navegador.<\/span><\/td>\n<\/tr>\n<tr>\n<td style=\"background-color: #dedede; vertical-align: middle; border: 1px solid #000000;\" width=\"27%\"><span style=\"color: #000000;\"><strong>__utmb<\/strong><\/span><\/td>\n<td style=\"vertical-align: middle; border: 1px solid #000000;\" width=\"21%\"><span style=\"color: #000000;\">Cookie propia<\/span><\/td>\n<td style=\"vertical-align: middle; border: 1px solid #000000;\" width=\"16%\"><span style=\"color: #000000;\">Sesiones de los visitantes.<\/span><\/td>\n<td style=\"vertical-align: middle; border: 1px solid #000000;\" width=\"13%\"><span style=\"color: #000000;\">Anal\u00edtica.<\/span><\/td>\n<td style=\"vertical-align: middle; border: 1px solid #000000;\" width=\"21%\"><span style=\"color: #000000;\">30 minutos a partir de la configuraci\u00f3n o actualizaci\u00f3n.<\/span><\/td>\n<\/tr>\n<tr>\n<td style=\"background-color: #dedede; vertical-align: middle; border: 1px solid #000000;\" width=\"27%\"><span style=\"color: #000000;\"><strong>NID<\/strong><\/span><\/td>\n<td style=\"vertical-align: middle; border: 1px solid #000000;\" width=\"21%\"><span style=\"color: #000000;\">Cookie de terceros<\/span><\/td>\n<td style=\"vertical-align: middle; border: 1px solid #000000;\" width=\"16%\"><span style=\"color: #000000;\">Servicios de Google\/Google Maps. Trata datos de preferencias, enlaces, conversiones e interacciones con anuncios publicitarios.<\/span><\/td>\n<td style=\"vertical-align: middle; border: 1px solid #000000;\" width=\"13%\"><span style=\"color: #000000;\">Publicitaria.<\/span><\/td>\n<td style=\"vertical-align: middle; border: 1px solid #000000;\" width=\"21%\"><span style=\"color: #000000;\">6 meses.<\/span><\/p>\n<p><span style=\"color: #000000;\">Para m\u00e1s informaci\u00f3n:<\/span><\/p>\n<p><span style=\"color: #000000;\"><a style=\"color: #000000;\" href=\"https:\/\/policies.google.com\/technologies\/cookies\">Pol\u00edtica de Cookies de Google<\/a><\/span><\/td>\n<\/tr>\n<tr>\n<td style=\"background-color: #dedede; vertical-align: middle; border: 1px solid #000000;\" width=\"27%\"><span style=\"color: #000000;\"><strong>cookie_notice_accepted<\/strong><\/span><\/td>\n<td style=\"vertical-align: middle; border: 1px solid #000000;\" width=\"21%\"><span style=\"color: #000000;\">Cookie propia<\/span><\/td>\n<td style=\"vertical-align: middle; border: 1px solid #000000;\" width=\"16%\"><span style=\"color: #000000;\">Utilizada para la aceptaci\u00f3n de cookies.<\/span><\/td>\n<td style=\"vertical-align: middle; border: 1px solid #000000;\" width=\"13%\"><span style=\"color: #000000;\">T\u00e9cnica.<\/span><\/td>\n<td style=\"vertical-align: middle; border: 1px solid #000000;\" width=\"21%\"><span style=\"color: #000000;\">1 mes.<\/span><\/td>\n<\/tr>\n<\/tbody>\n<\/table>\n<p>&nbsp;<\/p>\n<p><span style=\"color: #000000;\"><strong>MAYORAL ASESOR\u00cdA FISCAL, SL <\/strong>utiliza cookies t\u00e9cnicas, de personalizaci\u00f3n, an\u00e1lisis y publicitarias propias y de terceros, que tratan datos de conexi\u00f3n y\/o del dispositivo, as\u00ed como h\u00e1bitos de navegaci\u00f3n para fines estad\u00edsticos y publicitarios.<\/span><\/p>\n<p><span style=\"color: #000000;\">Por ello, al acceder a nuestra web, en cumplimiento del art\u00edculo 22 de la Ley de Servicios de la Sociedad de la Informaci\u00f3n le hemos solicitado su consentimiento para su uso.<\/span><\/p>\n<p><span style=\"color: #000000;\">El suministro de datos personales a trav\u00e9s de nuestro portal y el consentimiento para el uso de cookies <u>requiere una edad m\u00ednima de 14 a\u00f1os<\/u> y la aceptaci\u00f3n expresa de nuestra Pol\u00edtica de Privacidad.<\/span><\/p>\n<p><strong>De todas formas, le informamos que puede activar o desactivar las cookies siguiendo las instrucciones de su navegador de Internet:<\/strong><\/p>\n<table style=\"width: 100%;\" width=\"100%\" cellpadding=\"20\">\n<tbody>\n<tr style=\"background-color: #dedede;\">\n<td style=\"width: 15.3086%; vertical-align: middle;\" width=\"120\"><span style=\"color: #000000;\"><strong>Chrome<\/strong><\/span><\/td>\n<td style=\"width: 28.5185%; vertical-align: middle;\" width=\"228\"><span style=\"color: #000000;\">Configuraci\u00f3n -&gt; Mostrar opciones avanzadas -&gt; Privacidad -&gt; Configuraci\u00f3n de contenido.<\/span><\/td>\n<td style=\"width: 41.9753%; vertical-align: middle;\" width=\"337\"><span style=\"color: #000000;\">support.google.com<\/span><\/td>\n<\/tr>\n<tr>\n<td style=\"width: 15.3086%; vertical-align: middle;\" width=\"120\"><span style=\"color: #000000;\"><strong>Firefox<\/strong><\/span><\/td>\n<td style=\"width: 28.5185%; vertical-align: middle;\" width=\"228\"><span style=\"color: #000000;\">Herramientas -&gt; Opciones \u00e0 Privacidad \u00e0 Historial -&gt; Configuraci\u00f3n Personalizada.<\/span><\/td>\n<td style=\"width: 41.9753%; vertical-align: middle;\" width=\"337\"><span style=\"color: #000000;\">support.mozilla.org<\/span><\/td>\n<\/tr>\n<tr style=\"background-color: #dedede;\">\n<td style=\"width: 15.3086%; vertical-align: middle;\" width=\"120\"><span style=\"color: #000000;\"><strong>Internet Explorer<\/strong><\/span><\/td>\n<td style=\"width: 28.5185%; vertical-align: middle;\" width=\"228\"><span style=\"color: #000000;\">Herramientas -&gt; Opciones de Internet \u00e0 Privacidad -&gt; Configuraci\u00f3n.<\/span><\/td>\n<td style=\"width: 41.9753%; vertical-align: middle;\" width=\"337\"><span style=\"color: #000000;\">windows.microsoft.com<\/span><\/td>\n<\/tr>\n<tr>\n<td style=\"width: 15.3086%; vertical-align: middle;\" width=\"120\"><span style=\"color: #000000;\"><strong>Opera<\/strong><\/span><\/td>\n<td style=\"width: 28.5185%; vertical-align: middle;\" width=\"228\"><span style=\"color: #000000;\">Herramientas -&gt; Preferencias \u00e0 Editar preferencias -&gt; Cookies.<\/span><\/td>\n<td style=\"width: 41.9753%; vertical-align: middle;\" width=\"337\"><span style=\"color: #000000;\"><a style=\"color: #000000;\" href=\"http:\/\/www.opera.com\/help\/tutorials\/security\/cookies\/\">http:\/\/www.opera.com\/help\/tutorials\/security\/cookies\/<\/a><\/span><\/td>\n<\/tr>\n<tr style=\"background-color: #dedede;\">\n<td style=\"width: 15.3086%; vertical-align: middle;\" width=\"120\"><span style=\"color: #000000;\"><strong>\u00a0<\/strong><strong>Safari<\/strong><\/span><\/td>\n<td style=\"width: 28.5185%; vertical-align: middle;\" width=\"228\"><span style=\"color: #000000;\">Preferencias -&gt; Seguridad.<\/span><\/td>\n<td style=\"width: 41.9753%; vertical-align: middle;\" width=\"337\"><span style=\"color: #000000;\"><a style=\"color: #000000;\" href=\"http:\/\/www.apple.com\">http:\/\/www.apple.com<\/a><\/span><\/td>\n<\/tr>\n<tr>\n<td style=\"width: 15.3086%; vertical-align: middle;\" width=\"120\"><span style=\"color: #000000;\"><strong>Edge<\/strong><\/span><\/td>\n<td style=\"width: 28.5185%; vertical-align: middle;\" width=\"228\"><span style=\"color: #000000;\">Configuraci\u00f3n -&gt; Ver configuraci\u00f3n avanzada -&gt; Privacidad y servicios -&gt; Cookies.<\/span><\/td>\n<td style=\"width: 41.9753%; vertical-align: middle;\" width=\"337\"><span style=\"color: #000000;\"><a style=\"color: #000000;\" href=\"https:\/\/privacy.microsoft.com\/es-es\/windows-10-microsoft-edge-and-privacy\">https:\/\/privacy.microsoft.com\/es-es\/windows-10-microsoft-edge-and-privacy<\/a><\/span><\/td>\n<\/tr>\n<\/tbody>\n<\/table>\n<p>[\/vc_column_text][\/vc_column][\/vc_row]<\/p>\n","protected":false},"excerpt":{"rendered":"<p>[vc_row css_animation=\u00bb\u00bb row_type=\u00bbrow\u00bb use_row_as_full_screen_section=\u00bbno\u00bb type=\u00bbfull_width\u00bb angled_section=\u00bbno\u00bb text_align=\u00bbleft\u00bb background_image_as_pattern=\u00bbwithout_pattern\u00bb el_class=\u00bbmargin_p\u00bb z_index=\u00bb\u00bb][vc_column][vc_column_text] Informaci\u00f3n del uso de cookies &nbsp; \u00bfQu\u00e9 son las cookies? Las cookies son peque\u00f1os archivos de datos que se reciben en el terminal desde el sitio Web visitado y se usan para registrar ciertas interacciones&#8230;<\/p>\n","protected":false},"author":4,"featured_media":0,"parent":0,"menu_order":0,"comment_status":"closed","ping_status":"closed","template":"","meta":[],"_links":{"self":[{"href":"https:\/\/www.mayoralassessors.es\/es\/wp-json\/wp\/v2\/pages\/16814\/"}],"collection":[{"href":"https:\/\/www.mayoralassessors.es\/es\/wp-json\/wp\/v2\/pages\/"}],"about":[{"href":"https:\/\/www.mayoralassessors.es\/es\/wp-json\/wp\/v2\/types\/page\/"}],"author":[{"embeddable":true,"href":"https:\/\/www.mayoralassessors.es\/es\/wp-json\/wp\/v2\/users\/4\/"}],"replies":[{"embeddable":true,"href":"https:\/\/www.mayoralassessors.es\/es\/wp-json\/wp\/v2\/comments\/?post=16814"}],"version-history":[{"count":25,"href":"https:\/\/www.mayoralassessors.es\/es\/wp-json\/wp\/v2\/pages\/16814\/revisions\/"}],"predecessor-version":[{"id":16861,"href":"https:\/\/www.mayoralassessors.es\/es\/wp-json\/wp\/v2\/pages\/16814\/revisions\/16861\/"}],"wp:attachment":[{"href":"https:\/\/www.mayoralassessors.es\/es\/wp-json\/wp\/v2\/media\/?parent=16814"}],"curies":[{"name":"wp","href":"https:\/\/api.w.org\/{rel}","templated":true}]}}