{"id":16893,"date":"2020-11-23T19:44:51","date_gmt":"2020-11-23T17:44:51","guid":{"rendered":"https:\/\/www.mayoralassessors.es\/?page_id=16893"},"modified":"2023-01-09T17:00:04","modified_gmt":"2023-01-09T15:00:04","slug":"innuva-mayoral","status":"publish","type":"page","link":"https:\/\/www.mayoralassessors.es\/es\/innuva-mayoral\/","title":{"rendered":"MAYORAL INNUVA"},"content":{"rendered":"<p>[vc_row css_animation=\u00bb\u00bb row_type=\u00bbrow\u00bb use_row_as_full_screen_section=\u00bbno\u00bb type=\u00bbfull_width\u00bb angled_section=\u00bbno\u00bb text_align=\u00bbleft\u00bb background_image_as_pattern=\u00bbwithout_pattern\u00bb][vc_column][vc_single_image image=\u00bb16896&#8243; img_size=\u00bbfull\u00bb alignment=\u00bbcenter\u00bb qode_css_animation=\u00bb\u00bb][\/vc_column][\/vc_row][vc_row css_animation=\u00bb\u00bb row_type=\u00bbrow\u00bb use_row_as_full_screen_section=\u00bbno\u00bb type=\u00bbfull_width\u00bb angled_section=\u00bbno\u00bb text_align=\u00bbleft\u00bb background_image_as_pattern=\u00bbwithout_pattern\u00bb padding_top=\u00bb80&#8243; padding_bottom=\u00bb70&#8243; equal_height=\u00bbyes\u00bb css=\u00bb.vc_custom_1606152826092{margin-top: 0px !important;margin-bottom: 0px !important;padding-top: 45px !important;padding-bottom: 65px !important;}\u00bb z_index=\u00bb\u00bb][vc_column css=\u00bb.vc_custom_1606151751370{margin-top: 0px !important;margin-bottom: 0px !important;padding-top: 0px !important;padding-bottom: 0px !important;}\u00bb][vc_column_text css=\u00bb.vc_custom_1606237837585{margin-top: 0px !important;margin-bottom: 0px !important;padding-top: 0px !important;padding-bottom: 0px !important;}\u00bb]<\/p>\n<h2 class=\"titular_servei\" style=\"text-align: center;\">MAYORAL INNUVA\u00a0 \u00a0 \u00a0SOLICITA TU PASSWORD<\/h2>\n<p>[\/vc_column_text][\/vc_column][\/vc_row][vc_row css_animation=\u00bb\u00bb row_type=\u00bbrow\u00bb use_row_as_full_screen_section=\u00bbno\u00bb type=\u00bbfull_width\u00bb angled_section=\u00bbno\u00bb text_align=\u00bbleft\u00bb background_image_as_pattern=\u00bbwithout_pattern\u00bb padding_bottom=\u00bb90&#8243; css=\u00bb.vc_custom_1603451506144{margin-bottom: 50px !important;}\u00bb z_index=\u00bb\u00bb el_class=\u00bbequip\u00bb][vc_column width=\u00bb1\/3&#8243; css=\u00bb.vc_custom_1606153815312{margin-bottom: 50px !important;}\u00bb][vc_single_image image=\u00bb16900&#8243; img_size=\u00bb\u00bb alignment=\u00bbcenter\u00bb onclick=\u00bbcustom_link\u00bb qode_css_animation=\u00bb\u00bb link=\u00bbhttps:\/\/login.wolterskluwer.eu\/auth\/core\/login?signin=f1269dad74f3d46277829f86fb194f1aa835b9d8903935e251a1ce5d055a2032&amp;client_id=WK.ES.NEWPOL\u00bb][vc_column_text css=\u00bb.vc_custom_1673276260286{margin-top: 25px !important;margin-bottom: 20px !important;border-top-width: 0px !important;border-right-width: 0px !important;border-bottom-width: 0px !important;border-left-width: 0px !important;border-left-color: #06284b !important;border-right-color: #06284b !important;border-top-color: #06284b !important;border-bottom-color: #06284b !important;}\u00bb]<\/p>\n<h2 style=\"text-align: center;\"><strong><a style=\"font-size: .8em;\" href=\"https:\/\/login.wolterskluwer.eu\/auth\/core\/login?signin=f1269dad74f3d46277829f86fb194f1aa835b9d8903935e251a1ce5d055a2032&amp;client_id=WK.ES.NEWPOL\">CONTABILIDAD ONLINE<\/a><\/strong><\/h2>\n<p>[\/vc_column_text][vc_separator type=\u00bbsmall\u00bb position=\u00bbcenter\u00bb width_in_percentages=\u00bbyes\u00bb color=\u00bb#d8d8d8&#8243; width=\u00bb20&#8243; up=\u00bb20px\u00bb down=\u00bb10px\u00bb][vc_column_text css=\u00bb.vc_custom_1606237083907{border-top-width: 0px !important;border-right-width: 0px !important;border-bottom-width: 6px !important;border-left-width: 0px !important;border-left-color: #06284b !important;border-right-color: #06284b !important;border-top-color: #06284b !important;border-bottom-color: #06284b !important;}\u00bb]<\/p>\n<p style=\"text-align: justify;\">Tu contabilidad Cloud, simplificando procesos, podr\u00e1s gestionar y controlar toda tu informaci\u00f3n emitiendo informes en tiempo real<\/p>\n<p>[\/vc_column_text][\/vc_column][vc_column width=\u00bb1\/3&#8243; css=\u00bb.vc_custom_1606153819710{margin-bottom: 50px !important;}\u00bb][vc_single_image image=\u00bb16904&#8243; img_size=\u00bb\u00bb alignment=\u00bbcenter\u00bb qode_css_animation=\u00bb\u00bb][vc_column_text css=\u00bb.vc_custom_1652287029497{margin-top: 25px !important;margin-bottom: 20px !important;border-top-width: 0px !important;border-right-width: 0px !important;border-bottom-width: 0px !important;border-left-width: 0px !important;border-left-color: #06284b !important;border-right-color: #06284b !important;border-top-color: #06284b !important;border-bottom-color: #06284b !important;}\u00bb]<\/p>\n<h2 style=\"text-align: center;\"><strong><a style=\"font-size: .8em;\" href=\"https:\/\/www.wolterskluwer.com\/es-es\/solutions\/software-gestion-documental-a3doc#contactar\">GESTI\u00d3N DOCUMENTAL<\/a><\/strong><\/h2>\n<p>[\/vc_column_text][vc_separator type=\u00bbsmall\u00bb position=\u00bbcenter\u00bb width_in_percentages=\u00bbyes\u00bb color=\u00bb#d8d8d8&#8243; width=\u00bb20&#8243; up=\u00bb20px\u00bb down=\u00bb10px\u00bb][vc_column_text css=\u00bb.vc_custom_1606237206267{border-top-width: 0px !important;border-right-width: 0px !important;border-bottom-width: 6px !important;border-left-width: 0px !important;border-left-color: #06284b !important;border-right-color: #06284b !important;border-top-color: #06284b !important;border-bottom-color: #06284b !important;}\u00bb]<\/p>\n<p style=\"text-align: justify;\">Digitalizamos y ponemos a tu disposici\u00f3n la Gesti\u00f3n Documental de tu empresa con una simple e intuitiva APP en cualquier dispositivo<\/p>\n<p>[\/vc_column_text][\/vc_column][vc_column width=\u00bb1\/3&#8243; css=\u00bb.vc_custom_1606153824599{margin-bottom: 50px !important;}\u00bb][vc_single_image image=\u00bb16908&#8243; img_size=\u00bb\u00bb alignment=\u00bbcenter\u00bb onclick=\u00bbcustom_link\u00bb qode_css_animation=\u00bb\u00bb link=\u00bbhttps:\/\/www.wolterskluwer.com\/es-es\/solutions\/a3hrgo\u00bb][vc_column_text css=\u00bb.vc_custom_1652286952805{margin-top: 25px !important;margin-bottom: 20px !important;border-top-width: 0px !important;border-right-width: 0px !important;border-bottom-width: 0px !important;border-left-width: 0px !important;border-left-color: #06284b !important;border-right-color: #06284b !important;border-top-color: #06284b !important;border-bottom-color: #06284b !important;}\u00bb]<\/p>\n<h2 style=\"text-align: center;\"><strong><a style=\"font-size: .8em;\" href=\"https:\/\/www.wolterskluwer.com\/es-es\/solutions\/a3hrgo\">PORTAL DEL EMPLEADO<\/a><\/strong><\/h2>\n<p>[\/vc_column_text][vc_separator type=\u00bbsmall\u00bb position=\u00bbcenter\u00bb width_in_percentages=\u00bbyes\u00bb color=\u00bb#d8d8d8&#8243; width=\u00bb20&#8243; up=\u00bb20px\u00bb down=\u00bb10px\u00bb][vc_column_text css=\u00bb.vc_custom_1606237226152{border-top-width: 0px !important;border-right-width: 0px !important;border-bottom-width: 6px !important;border-left-width: 0px !important;border-left-color: #06284b !important;border-right-color: #06284b !important;border-top-color: #06284b !important;border-bottom-color: #06284b !important;}\u00bb]<\/p>\n<p style=\"text-align: justify;\">Complementa la gesti\u00f3n de las n\u00f3minas con el que compartir e intercambiar la documentaci\u00f3n que generamos de nuestros clientes y sus empleados<\/p>\n<p>[\/vc_column_text][\/vc_column][\/vc_row]<\/p>\n","protected":false},"excerpt":{"rendered":"<p>[vc_row css_animation=\u00bb\u00bb row_type=\u00bbrow\u00bb use_row_as_full_screen_section=\u00bbno\u00bb type=\u00bbfull_width\u00bb angled_section=\u00bbno\u00bb text_align=\u00bbleft\u00bb background_image_as_pattern=\u00bbwithout_pattern\u00bb][vc_column][vc_single_image image=\u00bb16896&#8243; img_size=\u00bbfull\u00bb alignment=\u00bbcenter\u00bb qode_css_animation=\u00bb\u00bb][\/vc_column][\/vc_row][vc_row css_animation=\u00bb\u00bb row_type=\u00bbrow\u00bb use_row_as_full_screen_section=\u00bbno\u00bb type=\u00bbfull_width\u00bb angled_section=\u00bbno\u00bb text_align=\u00bbleft\u00bb background_image_as_pattern=\u00bbwithout_pattern\u00bb padding_top=\u00bb80&#8243; padding_bottom=\u00bb70&#8243; equal_height=\u00bbyes\u00bb css=\u00bb.vc_custom_1606152826092{margin-top: 0px !important;margin-bottom: 0px !important;padding-top: 45px !important;padding-bottom: 65px !important;}\u00bb z_index=\u00bb\u00bb][vc_column css=\u00bb.vc_custom_1606151751370{margin-top: 0px !important;margin-bottom: 0px !important;padding-top: 0px !important;padding-bottom: 0px !important;}\u00bb][vc_column_text css=\u00bb.vc_custom_1606237837585{margin-top: 0px !important;margin-bottom: 0px&#8230;<\/p>\n","protected":false},"author":2,"featured_media":0,"parent":0,"menu_order":0,"comment_status":"open","ping_status":"closed","template":"","meta":[],"_links":{"self":[{"href":"https:\/\/www.mayoralassessors.es\/es\/wp-json\/wp\/v2\/pages\/16893\/"}],"collection":[{"href":"https:\/\/www.mayoralassessors.es\/es\/wp-json\/wp\/v2\/pages\/"}],"about":[{"href":"https:\/\/www.mayoralassessors.es\/es\/wp-json\/wp\/v2\/types\/page\/"}],"author":[{"embeddable":true,"href":"https:\/\/www.mayoralassessors.es\/es\/wp-json\/wp\/v2\/users\/2\/"}],"replies":[{"embeddable":true,"href":"https:\/\/www.mayoralassessors.es\/es\/wp-json\/wp\/v2\/comments\/?post=16893"}],"version-history":[{"count":27,"href":"https:\/\/www.mayoralassessors.es\/es\/wp-json\/wp\/v2\/pages\/16893\/revisions\/"}],"predecessor-version":[{"id":17265,"href":"https:\/\/www.mayoralassessors.es\/es\/wp-json\/wp\/v2\/pages\/16893\/revisions\/17265\/"}],"wp:attachment":[{"href":"https:\/\/www.mayoralassessors.es\/es\/wp-json\/wp\/v2\/media\/?parent=16893"}],"curies":[{"name":"wp","href":"https:\/\/api.w.org\/{rel}","templated":true}]}}